{"id":14618,"date":"2019-01-17T12:25:06","date_gmt":"2019-01-17T11:25:06","guid":{"rendered":"https:\/\/www.isaitaly.com\/?page_id=14618"},"modified":"2023-04-18T09:50:22","modified_gmt":"2023-04-18T07:50:22","slug":"privacy-policy","status":"publish","type":"page","link":"https:\/\/www.isaitaly.com\/it\/privacy-policy\/","title":{"rendered":"Privacy Policy"},"content":{"rendered":"<p>[et_pb_section fb_built=&#8221;1&#8243; admin_label=&#8221;Sezione&#8221; _builder_version=&#8221;4.16&#8243; locked=&#8221;off&#8221; global_colors_info=&#8221;{}&#8221;][et_pb_row _builder_version=&#8221;4.16&#8243; custom_padding=&#8221;||0px||false|false&#8221; global_colors_info=&#8221;{}&#8221;][et_pb_column type=&#8221;4_4&#8243; _builder_version=&#8221;4.16&#8243; global_colors_info=&#8221;{}&#8221;][et_pb_c2i_breadcrumbs _builder_version=&#8221;3.29.3&#8243; global_colors_info=&#8221;{}&#8221;][\/et_pb_c2i_breadcrumbs][\/et_pb_column][\/et_pb_row][\/et_pb_section][et_pb_section fb_built=&#8221;1&#8243; _builder_version=&#8221;4.16&#8243; global_colors_info=&#8221;{}&#8221;][et_pb_row _builder_version=&#8221;4.16&#8243; background_size=&#8221;initial&#8221; background_position=&#8221;top_left&#8221; background_repeat=&#8221;repeat&#8221; global_colors_info=&#8221;{}&#8221;][et_pb_column type=&#8221;4_4&#8243; _builder_version=&#8221;4.16&#8243; custom_padding=&#8221;|||&#8221; global_colors_info=&#8221;{}&#8221; custom_padding__hover=&#8221;|||&#8221;][et_pb_text _builder_version=&#8221;4.16&#8243; z_index_tablet=&#8221;500&#8243; global_colors_info=&#8221;{}&#8221;]<\/p>\n<h1 class=\"weight-light\"><span style=\"color: #5aa1d8;\">Privacy Policy<\/span><\/h1>\n<div class=\"weight-light\" style=\"text-align: left;\">\n<p><strong>INFORMAZIONI SUL TRATTAMENTO DEI DATI PERSONALI<\/strong><\/p>\n<p><strong>degli utenti che consultano i siti web di ISA S.p.A. per la protezione dei dati personali <\/strong>ai sensi dell&#8217;articolo 13 del Regolamento (UE) 2016\/679<\/p>\n<p><strong>PERCH\u00c9 QUESTE INFORMAZIONI<\/strong><\/p>\n<p>Ai sensi del Regolamento (UE) 2016\/679, questa pagina descrive le modalit\u00e0 di trattamento dei dati personali degli utenti che consultano i siti web di ISA S.p.A. (di seguito Societ\u00e0) accessibili per via telematica ai seguenti indirizzi:<\/p>\n<p><a href=\"https:\/\/www.isaitaly.com\/it\/\">www.isaitaly.com<\/a><br \/><a href=\"https:\/\/cofitalia.it\/\">www.cofitalia.it<\/a><br \/><a href=\"https:\/\/www.hizone.it\/\">www.hizone.it<\/a><br \/><a href=\"https:\/\/abaco.isaitaly.com\/\">abaco.isaitaly.com<\/a><\/p>\n<p>Le presenti informazioni non riguardano altri siti, pagine o servizi online raggiungibili tramite link ipertestuali eventualmente pubblicati nei siti ma riferiti a risorse esterne al dominio dell&#8217;azienda.<\/p>\n<p><strong>TITOLARE DEL TRATTAMENTO<\/strong><\/p>\n<p>A seguito della consultazione dei siti sopra elencati possono essere trattati dati relativi a persone fisiche identificate o identificabili.<\/p>\n<p>Titolare del trattamento \u00e8 ISA S.p.A., via Madonna di Campagna, 123, 06083 Bastia Umbra (PG), mail <a href=\"mailto:privacy@isaitaly.com\">privacy@isaitaly.com<\/a><\/p>\n<p><strong>FINALIT\u00c0 E MODALIT\u00c0 DEL TRATTAMENTO<\/strong><\/p>\n<p>I dati personali (Dati) raccolti possono essere trattati per le seguenti finalit\u00e0:<br \/>a) dare esecuzione a una specifica richiesta dell&#8217;utente o fornire il servizio richiesto;<br \/>b) consentire alla Societ\u00e0 di svolgere sondaggi finalizzati al miglioramento della qualit\u00e0 dei prodotti e servizi erogati, in virt\u00f9 del legittimo interesse della Societ\u00e0 (\u201cCustomer Satisfaction\u201d);<br \/>c) previo consenso dell\u2019interessato, inviare comunicazioni commerciali e\/o promozionali su prodotti e servizi della Societ\u00e0, nonch\u00e9 effettuare ricerche di mercato (\u201cMarketing\u201d);<br \/>d) migliorare l&#8217;esperienza dell&#8217;utente sui siti web della Societ\u00e0.<\/p>\n<p>I Dati potranno essere trattati con modalit\u00e0 cartacee, automatizzate o elettroniche e, in particolare, a mezzo posta ordinaria o email, telefono, fax e qualsiasi altro canale informatico.<\/p>\n<p><strong>ALTRI SOGGETTI CHE POSSONO TRATTARE I DATI<\/strong><\/p>\n<p>I Dati potranno essere trattati da soggetti operanti per conto della Societ\u00e0 ed in forza di specifici vincoli contrattuali, in Paesi membri UE o extra UE.<\/p>\n<p>I Dati potranno essere comunicati a terzi per adempiere ad obblighi di Legge, per rispettare ordini provenienti da pubbliche autorit\u00e0 o per esercitare un diritto della Societ\u00e0 in sede giudiziaria.<\/p>\n<p><strong>TRASFERIMENTO DEI DATI AL DI FUORI DELLLO SPAZIO ECONOMICO EUROPEO (SEE)<\/strong><\/p>\n<p>Nell&#8217;ambito dei rapporti contrattuali della Societ\u00e0 i Dati potranno essere trasferiti al di fuori del territorio dello Spazio Economico Europeo (SEE), anche mediante l&#8217;inserimento degli stessi in database gestiti da societ\u00e0 terze, operanti per conto della Societ\u00e0. La gestione dei database ed il trattamento dei Dati sono vincolati alle finalit\u00e0 per cui gli stessi sono stati raccolti ed avvengono nel massimo rispetto della legge applicabile sulla protezione dei dati personali.<\/p>\n<p>Tutte le volte in cui i Dati dovessero essere oggetto di trasferimento al di fuori del SEE, la Societ\u00e0 adotter\u00e0 ogni misura contrattuale idonea e necessaria a garantire un adeguato livello di protezione dei Dati.<\/p>\n<p><strong>CONSERVAZIONE DEI DATI<\/strong><\/p>\n<p>I Dati trattati per fornire il Servizio e per la Customer Satisfaction saranno conservati dalla Societ\u00e0 per il periodo ritenuto strettamente necessario a conseguire tali finalit\u00e0.<br \/>Tuttavia, la Societ\u00e0 potr\u00e0 continuare a conservare tali Dati per un periodo superiore, al fine di poter gestire eventuali contestazioni legate alla fornitura del Servizio.<br \/>I Dati trattati per finalit\u00e0 di Marketing saranno conservati dalla Societ\u00e0 dal momento in cui l\u2019interessato ha fornito il proprio consenso fino a che tale consenso non sar\u00e0 revocato. Nel caso in cui il consenso venisse revocato, i Dati non potranno pi\u00f9 essere trattati per le citate finalit\u00e0 di Marketing ma potrebbero essere ancora conservati al fine di gestire eventuali contestazioni e\/o contenziosi.<\/p>\n<p>I Dati trattati per migliorare l&#8217;esperienza dell&#8217;utente sui siti web saranno conservati per i periodi indicati nella Cookie Policy.<\/p>\n<p><strong>I DIRITTI DELL\u2019INTERESSATO<\/strong><\/p>\n<p>All\u2019interessato sono riconosciuti i seguenti diritti:<\/p>\n<ol>\n<li>diritto di accesso, ossia il diritto di ottenere dalla Societ\u00e0 la conferma che sia o meno in corso il trattamento dei Dati e, in tal caso, di ottenerne l&#8217;accesso;<\/li>\n<li>diritto di rettifica e cancellazione, ossia il diritto di ottenere la rettifica di Dati inesatti e\/o l&#8217;integrazione di Dati incompleti o la cancellazione dei Dati per motivi legittimi;<\/li>\n<li>diritto alla limitazione del trattamento, ossia il diritto a richiedere la sospensione del trattamento qualora sussistano motivi legittimi;<\/li>\n<li>diritto alla portabilit\u00e0 dei dati, ossia il diritto di ricevere in un formato strutturato, di uso comune e leggibile i Dati, nonch\u00e9 il diritto di trasmettere i Dati ad un altro titolare del trattamento;<\/li>\n<li>diritto di opposizione, ossia il diritto opporsi al trattamento dei Dati qualora sussistano motivi legittimi, ivi compresi i trattamenti di Dati per finalit\u00e0 di marketing e profilazione, se previsti;<\/li>\n<li>diritto di rivolgersi all&#8217;autorit\u00e0 per la protezione dei dati competente in caso di trattamento illecito dei Dati.<\/li>\n<\/ol>\n<p>L\u2019interessato potr\u00e0 esercitare i diritti sopra elencati scrivendo a ISA S.p.A., via Madonna di Campagna, 123, 06083 Bastia Umbra (PG), oppure inviando mail a <a href=\"mailto:privacy@isaitaly.com\">privacy@isaitaly.com<\/a><\/p>\n<p><strong>MODIFICHE<\/strong><\/p>\n<p>Questa Privacy Policy \u00e8 entrata in vigore in data 24\/05\/2018.<\/p>\n<p>La Societ\u00e0 si riserva il diritto di modificare parzialmente o integralmente la Privacy Policy o semplicemente di aggiornarne il contenuto (ad esempio in seguito a modifiche della legge applicabile). La Societ\u00e0 pubblicher\u00e0 qualsiasi aggiornamento su questo sito web.<\/p>\n<p><strong>DPO ISA S.p.A.<\/strong><\/p>\n<p>Avv. Silvia Mezzancella<br \/>+39 347 9488 489<br \/>+39 075 5005 589<br \/>dpo@isaitaly.com<br \/>silvia.mezzancella@avvocatiperugiapec.it<\/p>\n<\/div>\n<p>[\/et_pb_text][\/et_pb_column][\/et_pb_row][\/et_pb_section]<\/p>\n","protected":false},"excerpt":{"rendered":"<p>[et_pb_c2i_breadcrumbs _builder_version=&#8221;3.29.3&#8243; global_colors_info=&#8221;{}&#8221;][\/et_pb_c2i_breadcrumbs]Privacy Policy INFORMAZIONI SUL TRATTAMENTO DEI DATI PERSONALI degli utenti che consultano i siti web di ISA S.p.A. per la protezione dei dati personali ai sensi dell&#8217;articolo 13 del Regolamento (UE) 2016\/679 PERCH\u00c9 QUESTE INFORMAZIONI Ai sensi del Regolamento (UE) 2016\/679, questa pagina descrive le modalit\u00e0 di trattamento dei dati personali degli utenti [&hellip;]<\/p>\n","protected":false},"author":2,"featured_media":0,"parent":0,"menu_order":297,"comment_status":"closed","ping_status":"closed","template":"","meta":{"_et_pb_use_builder":"on","_et_pb_old_content":"","_et_gb_content_width":"","footnotes":""},"alberomarket":[],"class_list":["post-14618","page","type-page","status-publish","hentry"],"acf":[],"yoast_head":"<!-- This site is optimized with the Yoast SEO plugin v26.8 - https:\/\/yoast.com\/product\/yoast-seo-wordpress\/ -->\n<title>Privacy Policy | ISA<\/title>\n<meta name=\"description\" content=\"Privacy Policy: La sfida di ISA consiste nel trovare la giusta soluzione a tutte le singole esigenze di Layout. Scopri l&#039;arredamento migliore per te!\" \/>\n<meta name=\"robots\" content=\"index, follow, max-snippet:-1, max-image-preview:large, max-video-preview:-1\" \/>\n<link rel=\"canonical\" href=\"https:\/\/www.isaitaly.com\/it\/privacy-policy\/\" \/>\n<meta property=\"og:locale\" content=\"it_IT\" \/>\n<meta property=\"og:type\" content=\"article\" \/>\n<meta property=\"og:title\" content=\"Privacy Policy | ISA\" \/>\n<meta property=\"og:description\" content=\"Privacy Policy: La sfida di ISA consiste nel trovare la giusta soluzione a tutte le singole esigenze di Layout. Scopri l&#039;arredamento migliore per te!\" \/>\n<meta property=\"og:url\" content=\"https:\/\/www.isaitaly.com\/it\/privacy-policy\/\" \/>\n<meta property=\"og:site_name\" content=\"ISA\" \/>\n<meta property=\"article:modified_time\" content=\"2023-04-18T07:50:22+00:00\" \/>\n<meta name=\"twitter:card\" content=\"summary_large_image\" \/>\n<meta name=\"twitter:label1\" content=\"Tempo di lettura stimato\" \/>\n\t<meta name=\"twitter:data1\" content=\"5 minuti\" \/>\n<script type=\"application\/ld+json\" class=\"yoast-schema-graph\">{\"@context\":\"https:\/\/schema.org\",\"@graph\":[{\"@type\":\"WebPage\",\"@id\":\"https:\/\/www.isaitaly.com\/it\/privacy-policy\/\",\"url\":\"https:\/\/www.isaitaly.com\/it\/privacy-policy\/\",\"name\":\"Privacy Policy | ISA\",\"isPartOf\":{\"@id\":\"https:\/\/www.isaitaly.com\/it\/#website\"},\"datePublished\":\"2019-01-17T11:25:06+00:00\",\"dateModified\":\"2023-04-18T07:50:22+00:00\",\"description\":\"Privacy Policy: La sfida di ISA consiste nel trovare la giusta soluzione a tutte le singole esigenze di Layout. Scopri l'arredamento migliore per te!\",\"breadcrumb\":{\"@id\":\"https:\/\/www.isaitaly.com\/it\/privacy-policy\/#breadcrumb\"},\"inLanguage\":\"it-IT\",\"potentialAction\":[{\"@type\":\"ReadAction\",\"target\":[\"https:\/\/www.isaitaly.com\/it\/privacy-policy\/\"]}]},{\"@type\":\"BreadcrumbList\",\"@id\":\"https:\/\/www.isaitaly.com\/it\/privacy-policy\/#breadcrumb\",\"itemListElement\":[{\"@type\":\"ListItem\",\"position\":1,\"name\":\"Home\",\"item\":\"https:\/\/www.isaitaly.com\/it\/home-page-2\/\"},{\"@type\":\"ListItem\",\"position\":2,\"name\":\"Privacy Policy\"}]},{\"@type\":\"WebSite\",\"@id\":\"https:\/\/www.isaitaly.com\/it\/#website\",\"url\":\"https:\/\/www.isaitaly.com\/it\/\",\"name\":\"ISA\",\"description\":\"\",\"potentialAction\":[{\"@type\":\"SearchAction\",\"target\":{\"@type\":\"EntryPoint\",\"urlTemplate\":\"https:\/\/www.isaitaly.com\/it\/?s={search_term_string}\"},\"query-input\":{\"@type\":\"PropertyValueSpecification\",\"valueRequired\":true,\"valueName\":\"search_term_string\"}}],\"inLanguage\":\"it-IT\"}]}<\/script>\n<!-- \/ Yoast SEO plugin. -->","yoast_head_json":{"title":"Privacy Policy | ISA","description":"Privacy Policy: La sfida di ISA consiste nel trovare la giusta soluzione a tutte le singole esigenze di Layout. Scopri l'arredamento migliore per te!","robots":{"index":"index","follow":"follow","max-snippet":"max-snippet:-1","max-image-preview":"max-image-preview:large","max-video-preview":"max-video-preview:-1"},"canonical":"https:\/\/www.isaitaly.com\/it\/privacy-policy\/","og_locale":"it_IT","og_type":"article","og_title":"Privacy Policy | ISA","og_description":"Privacy Policy: La sfida di ISA consiste nel trovare la giusta soluzione a tutte le singole esigenze di Layout. Scopri l'arredamento migliore per te!","og_url":"https:\/\/www.isaitaly.com\/it\/privacy-policy\/","og_site_name":"ISA","article_modified_time":"2023-04-18T07:50:22+00:00","twitter_card":"summary_large_image","twitter_misc":{"Tempo di lettura stimato":"5 minuti"},"schema":{"@context":"https:\/\/schema.org","@graph":[{"@type":"WebPage","@id":"https:\/\/www.isaitaly.com\/it\/privacy-policy\/","url":"https:\/\/www.isaitaly.com\/it\/privacy-policy\/","name":"Privacy Policy | ISA","isPartOf":{"@id":"https:\/\/www.isaitaly.com\/it\/#website"},"datePublished":"2019-01-17T11:25:06+00:00","dateModified":"2023-04-18T07:50:22+00:00","description":"Privacy Policy: La sfida di ISA consiste nel trovare la giusta soluzione a tutte le singole esigenze di Layout. Scopri l'arredamento migliore per te!","breadcrumb":{"@id":"https:\/\/www.isaitaly.com\/it\/privacy-policy\/#breadcrumb"},"inLanguage":"it-IT","potentialAction":[{"@type":"ReadAction","target":["https:\/\/www.isaitaly.com\/it\/privacy-policy\/"]}]},{"@type":"BreadcrumbList","@id":"https:\/\/www.isaitaly.com\/it\/privacy-policy\/#breadcrumb","itemListElement":[{"@type":"ListItem","position":1,"name":"Home","item":"https:\/\/www.isaitaly.com\/it\/home-page-2\/"},{"@type":"ListItem","position":2,"name":"Privacy Policy"}]},{"@type":"WebSite","@id":"https:\/\/www.isaitaly.com\/it\/#website","url":"https:\/\/www.isaitaly.com\/it\/","name":"ISA","description":"","potentialAction":[{"@type":"SearchAction","target":{"@type":"EntryPoint","urlTemplate":"https:\/\/www.isaitaly.com\/it\/?s={search_term_string}"},"query-input":{"@type":"PropertyValueSpecification","valueRequired":true,"valueName":"search_term_string"}}],"inLanguage":"it-IT"}]}},"_links":{"self":[{"href":"https:\/\/www.isaitaly.com\/it\/wp-json\/wp\/v2\/pages\/14618","targetHints":{"allow":["GET"]}}],"collection":[{"href":"https:\/\/www.isaitaly.com\/it\/wp-json\/wp\/v2\/pages"}],"about":[{"href":"https:\/\/www.isaitaly.com\/it\/wp-json\/wp\/v2\/types\/page"}],"author":[{"embeddable":true,"href":"https:\/\/www.isaitaly.com\/it\/wp-json\/wp\/v2\/users\/2"}],"replies":[{"embeddable":true,"href":"https:\/\/www.isaitaly.com\/it\/wp-json\/wp\/v2\/comments?post=14618"}],"version-history":[{"count":6,"href":"https:\/\/www.isaitaly.com\/it\/wp-json\/wp\/v2\/pages\/14618\/revisions"}],"predecessor-version":[{"id":98439,"href":"https:\/\/www.isaitaly.com\/it\/wp-json\/wp\/v2\/pages\/14618\/revisions\/98439"}],"wp:attachment":[{"href":"https:\/\/www.isaitaly.com\/it\/wp-json\/wp\/v2\/media?parent=14618"}],"wp:term":[{"taxonomy":"alberomarket","embeddable":true,"href":"https:\/\/www.isaitaly.com\/it\/wp-json\/wp\/v2\/alberomarket?post=14618"}],"curies":[{"name":"wp","href":"https:\/\/api.w.org\/{rel}","templated":true}]}}