{"id":110575,"date":"2024-02-01T16:59:39","date_gmt":"2024-02-01T15:59:39","guid":{"rendered":"https:\/\/www.isaitaly.com\/?page_id=110575"},"modified":"2024-02-13T14:16:26","modified_gmt":"2024-02-13T13:16:26","slug":"whistleblowing","status":"publish","type":"page","link":"https:\/\/www.isaitaly.com\/it\/whistleblowing\/","title":{"rendered":"Whistleblowing"},"content":{"rendered":"<p>[et_pb_section fb_built=&#8221;1&#8243; admin_label=&#8221;Sezione&#8221; _builder_version=&#8221;4.16&#8243; locked=&#8221;off&#8221; global_colors_info=&#8221;{}&#8221;][et_pb_row _builder_version=&#8221;4.16&#8243; custom_padding=&#8221;||0px||false|false&#8221; global_colors_info=&#8221;{}&#8221;][et_pb_column type=&#8221;4_4&#8243; _builder_version=&#8221;4.16&#8243; global_colors_info=&#8221;{}&#8221;][et_pb_c2i_breadcrumbs _builder_version=&#8221;3.29.3&#8243; global_colors_info=&#8221;{}&#8221;][\/et_pb_c2i_breadcrumbs][\/et_pb_column][\/et_pb_row][\/et_pb_section][et_pb_section fb_built=&#8221;1&#8243; _builder_version=&#8221;4.16&#8243; global_colors_info=&#8221;{}&#8221;][et_pb_row _builder_version=&#8221;4.16&#8243; background_size=&#8221;initial&#8221; background_position=&#8221;top_left&#8221; background_repeat=&#8221;repeat&#8221; global_colors_info=&#8221;{}&#8221;][et_pb_column type=&#8221;4_4&#8243; _builder_version=&#8221;4.16&#8243; custom_padding=&#8221;|||&#8221; global_colors_info=&#8221;{}&#8221; custom_padding__hover=&#8221;|||&#8221;][et_pb_text _builder_version=&#8221;4.21.2&#8243; z_index_tablet=&#8221;500&#8243; global_colors_info=&#8221;{}&#8221;]<\/p>\n<h1 class=\"weight-light\"><span style=\"color: #5aa1d8;\">Whistleblowing<\/span><\/h1>\n<h3 class=\"weight-light\"><span style=\"color: #5aa1d8;\">Diritto e gestione delle segnalazioni<\/span><\/h3>\n<p>[\/et_pb_text][et_pb_text _builder_version=&#8221;4.21.2&#8243; z_index_tablet=&#8221;500&#8243; global_colors_info=&#8221;{}&#8221;]<\/p>\n<p>Whistleblowing \u00e8 il termine che indica la procedura di segnalazione di illecito ovvero violazione di norme che potrebbero sfociare in un reato, del quale un soggetto a vario titolo coinvolto nell\u2019attivit\u00e0 della societ\u00e0 sia venuto a conoscenza nel contesto lavorativo della stessa.<\/p>\n<p class=\"weight-light\"><strong>LA NORMA PREVEDE<\/strong><\/p>\n<div class=\"weight-light\" style=\"text-align: left;\">\n<ul>\n<li>Diritto dei dipendenti e dei soggetti a vario titolo coinvolti nell\u2019attivit\u00e0 della societ\u00e0 a fare segnalazioni in relazione a situazione che potrebbero sfociare in reati o violazione delle norme in materia di d lgs. 231\/01;<\/li>\n<li>Obbligo in capo all\u2019azienda di predisporre canali di segnalazione tecnologicamente affidabili;<br \/>Obbligo da parte di chi riceve la segnalazione a garantire l\u2019anonimato del segnalante;<br \/>Divieto di atti ritorsivi o punitivi ai danni del segnalante.<\/li>\n<\/ul>\n<p><strong>GESTIONE DELLA SEGNALAZIONE (Art.5 del d. lgs 24\/2023)<\/strong><\/p>\n<ul>\n<li>L\u2019azienda comunica a tutti i possibili segnalanti il canale di segnalazione;<\/li>\n<li>La persona o l&#8217;ufficio interno ovvero il soggetto esterno, ai quali \u00e8 affidata la gestione del canale di segnalazione interna dovr\u00e0:<br \/>&#8211; rilasciare al segnalante avviso di ricevimento della segnalazione entro sette giorni dalla data di ricezione;<br \/>&#8211; mantenere interlocuzioni con il segnalante e richiedere, se necessario, integrazioni;<br \/>&#8211; dare diligente seguito alle segnalazioni ricevute raccogliendo al massimo livello le informazioni utili;<br \/>&#8211; dare riscontro alla segnalazione entro tre mesi dalla data di avviso di ricevimento o, in mancanza di tale avviso, entro tre mesi dalla scadenza del termine di sette giorni dalla presentazione della segnalazione;<br \/>&#8211; mettere a disposizione del segnalante informazioni chiare sul canale, sulle procedure e sui presupposti per effettuare le segnalazioni. Tali informazioni devono essere esposte e rese facilmente visibili nei luoghi di lavoro, nonch\u00e9 accessibili alle persone che pur non frequentando i luoghi di lavoro intrattengono un rapporto giuridico in una delle forme di cui all&#8217;articolo 3, commi 3 o 4. Inoltre, \u00e8 necessario che tali informazioni siano rese visibili anche mediante apposita e chiara indicazione sul sito internet aziendale.<\/li>\n<\/ul>\n<p><strong>TUTELA DEL SEGNALANTE<\/strong><\/p>\n<ul>\n<li>Il segnalante non pu\u00f2 subire alcuna ritorsione per la segnalazione legittimamente fatta.<\/li>\n<li>La segnalazione deve riguardare situazioni che possono sfociare in un reato e non devono essere tali da dar luogo a diffamazione o calunnia ai danni di chicchessia.<\/li>\n<li>Quando \u00e8 accertata, anche solo con sentenza di primo grado, la responsabilit\u00e0 penale della persona segnalante per i reati di diffamazione o di calunnia ovvero la sua responsabilit\u00e0 civile, per lo stesso titolo, nei casi di dolo o colpa grave, le tutele di cui al presente capo non sono garantite e alla persona segnalante o denunciante \u00e8 irrogata una sanzione disciplinare.<\/li>\n<\/ul>\n<\/div>\n<p>[\/et_pb_text][et_pb_button button_url=&#8221;https:\/\/whistleblowing.isaitaly.com\/#\/&#8221; button_text=&#8221;INVIA LA SEGNALAZIONE&#8221; admin_label=&#8221;SEGNALAZIONE&#8221; _builder_version=&#8221;4.21.2&#8243; _module_preset=&#8221;default&#8221; hover_enabled=&#8221;0&#8243; global_colors_info=&#8221;{}&#8221; sticky_enabled=&#8221;0&#8243;][\/et_pb_button][et_pb_button button_url=&#8221;https:\/\/www.isaitaly.com\/wp-content\/uploads\/2024\/02\/7.-INFORMATIVA-WHISTLEBLOWING-SEGNALANTI-SITO-WEB.pdf&#8221; url_new_window=&#8221;on&#8221; button_text=&#8221;INFORMATIVA Whistleblowing&#8221; admin_label=&#8221;INFORMATIVA&#8221; _builder_version=&#8221;4.21.2&#8243; _module_preset=&#8221;default&#8221; global_colors_info=&#8221;{}&#8221;][\/et_pb_button][\/et_pb_column][\/et_pb_row][et_pb_row _builder_version=&#8221;4.21.2&#8243; _module_preset=&#8221;default&#8221; global_colors_info=&#8221;{}&#8221;][et_pb_column type=&#8221;4_4&#8243; _builder_version=&#8221;4.21.2&#8243; _module_preset=&#8221;default&#8221; global_colors_info=&#8221;{}&#8221;][\/et_pb_column][\/et_pb_row][\/et_pb_section]<\/p>\n","protected":false},"excerpt":{"rendered":"<p>[et_pb_c2i_breadcrumbs _builder_version=&#8221;3.29.3&#8243; global_colors_info=&#8221;{}&#8221;][\/et_pb_c2i_breadcrumbs]Whistleblowing Diritto e gestione delle segnalazioniWhistleblowing \u00e8 il termine che indica la procedura di segnalazione di illecito ovvero violazione di norme che potrebbero sfociare in un reato, del quale un soggetto a vario titolo coinvolto nell\u2019attivit\u00e0 della societ\u00e0 sia venuto a conoscenza nel contesto lavorativo della stessa. LA NORMA PREVEDE Diritto dei dipendenti [&hellip;]<\/p>\n","protected":false},"author":3,"featured_media":0,"parent":0,"menu_order":294,"comment_status":"closed","ping_status":"closed","template":"","meta":{"_et_pb_use_builder":"on","_et_pb_old_content":"","_et_gb_content_width":"","footnotes":""},"alberomarket":[],"class_list":["post-110575","page","type-page","status-publish","hentry"],"acf":[],"yoast_head":"<!-- This site is optimized with the Yoast SEO plugin v26.8 - https:\/\/yoast.com\/product\/yoast-seo-wordpress\/ -->\n<title>Whistleblowing - diritto alla segnalazione | ISA<\/title>\n<meta name=\"description\" content=\"Whistleblowing: diritto alla segnalazione.\" \/>\n<meta name=\"robots\" content=\"index, follow, max-snippet:-1, max-image-preview:large, max-video-preview:-1\" \/>\n<link rel=\"canonical\" href=\"https:\/\/www.isaitaly.com\/it\/whistleblowing\/\" \/>\n<meta property=\"og:locale\" content=\"it_IT\" \/>\n<meta property=\"og:type\" content=\"article\" \/>\n<meta property=\"og:title\" content=\"Whistleblowing - diritto alla segnalazione | ISA\" \/>\n<meta property=\"og:description\" content=\"Whistleblowing: diritto alla segnalazione.\" \/>\n<meta property=\"og:url\" content=\"https:\/\/www.isaitaly.com\/it\/whistleblowing\/\" \/>\n<meta property=\"og:site_name\" content=\"ISA\" \/>\n<meta property=\"article:modified_time\" content=\"2024-02-13T13:16:26+00:00\" \/>\n<meta name=\"twitter:card\" content=\"summary_large_image\" \/>\n<meta name=\"twitter:label1\" content=\"Tempo di lettura stimato\" \/>\n\t<meta name=\"twitter:data1\" content=\"3 minuti\" \/>\n<script type=\"application\/ld+json\" class=\"yoast-schema-graph\">{\"@context\":\"https:\/\/schema.org\",\"@graph\":[{\"@type\":\"WebPage\",\"@id\":\"https:\/\/www.isaitaly.com\/it\/whistleblowing\/\",\"url\":\"https:\/\/www.isaitaly.com\/it\/whistleblowing\/\",\"name\":\"Whistleblowing - diritto alla segnalazione | ISA\",\"isPartOf\":{\"@id\":\"https:\/\/www.isaitaly.com\/it\/#website\"},\"datePublished\":\"2024-02-01T15:59:39+00:00\",\"dateModified\":\"2024-02-13T13:16:26+00:00\",\"description\":\"Whistleblowing: diritto alla segnalazione.\",\"breadcrumb\":{\"@id\":\"https:\/\/www.isaitaly.com\/it\/whistleblowing\/#breadcrumb\"},\"inLanguage\":\"it-IT\",\"potentialAction\":[{\"@type\":\"ReadAction\",\"target\":[\"https:\/\/www.isaitaly.com\/it\/whistleblowing\/\"]}]},{\"@type\":\"BreadcrumbList\",\"@id\":\"https:\/\/www.isaitaly.com\/it\/whistleblowing\/#breadcrumb\",\"itemListElement\":[{\"@type\":\"ListItem\",\"position\":1,\"name\":\"Home\",\"item\":\"https:\/\/www.isaitaly.com\/it\/\"},{\"@type\":\"ListItem\",\"position\":2,\"name\":\"Whistleblowing\"}]},{\"@type\":\"WebSite\",\"@id\":\"https:\/\/www.isaitaly.com\/it\/#website\",\"url\":\"https:\/\/www.isaitaly.com\/it\/\",\"name\":\"ISA\",\"description\":\"\",\"potentialAction\":[{\"@type\":\"SearchAction\",\"target\":{\"@type\":\"EntryPoint\",\"urlTemplate\":\"https:\/\/www.isaitaly.com\/it\/?s={search_term_string}\"},\"query-input\":{\"@type\":\"PropertyValueSpecification\",\"valueRequired\":true,\"valueName\":\"search_term_string\"}}],\"inLanguage\":\"it-IT\"}]}<\/script>\n<!-- \/ Yoast SEO plugin. -->","yoast_head_json":{"title":"Whistleblowing - diritto alla segnalazione | ISA","description":"Whistleblowing: diritto alla segnalazione.","robots":{"index":"index","follow":"follow","max-snippet":"max-snippet:-1","max-image-preview":"max-image-preview:large","max-video-preview":"max-video-preview:-1"},"canonical":"https:\/\/www.isaitaly.com\/it\/whistleblowing\/","og_locale":"it_IT","og_type":"article","og_title":"Whistleblowing - diritto alla segnalazione | ISA","og_description":"Whistleblowing: diritto alla segnalazione.","og_url":"https:\/\/www.isaitaly.com\/it\/whistleblowing\/","og_site_name":"ISA","article_modified_time":"2024-02-13T13:16:26+00:00","twitter_card":"summary_large_image","twitter_misc":{"Tempo di lettura stimato":"3 minuti"},"schema":{"@context":"https:\/\/schema.org","@graph":[{"@type":"WebPage","@id":"https:\/\/www.isaitaly.com\/it\/whistleblowing\/","url":"https:\/\/www.isaitaly.com\/it\/whistleblowing\/","name":"Whistleblowing - diritto alla segnalazione | ISA","isPartOf":{"@id":"https:\/\/www.isaitaly.com\/it\/#website"},"datePublished":"2024-02-01T15:59:39+00:00","dateModified":"2024-02-13T13:16:26+00:00","description":"Whistleblowing: diritto alla segnalazione.","breadcrumb":{"@id":"https:\/\/www.isaitaly.com\/it\/whistleblowing\/#breadcrumb"},"inLanguage":"it-IT","potentialAction":[{"@type":"ReadAction","target":["https:\/\/www.isaitaly.com\/it\/whistleblowing\/"]}]},{"@type":"BreadcrumbList","@id":"https:\/\/www.isaitaly.com\/it\/whistleblowing\/#breadcrumb","itemListElement":[{"@type":"ListItem","position":1,"name":"Home","item":"https:\/\/www.isaitaly.com\/it\/"},{"@type":"ListItem","position":2,"name":"Whistleblowing"}]},{"@type":"WebSite","@id":"https:\/\/www.isaitaly.com\/it\/#website","url":"https:\/\/www.isaitaly.com\/it\/","name":"ISA","description":"","potentialAction":[{"@type":"SearchAction","target":{"@type":"EntryPoint","urlTemplate":"https:\/\/www.isaitaly.com\/it\/?s={search_term_string}"},"query-input":{"@type":"PropertyValueSpecification","valueRequired":true,"valueName":"search_term_string"}}],"inLanguage":"it-IT"}]}},"_links":{"self":[{"href":"https:\/\/www.isaitaly.com\/it\/wp-json\/wp\/v2\/pages\/110575","targetHints":{"allow":["GET"]}}],"collection":[{"href":"https:\/\/www.isaitaly.com\/it\/wp-json\/wp\/v2\/pages"}],"about":[{"href":"https:\/\/www.isaitaly.com\/it\/wp-json\/wp\/v2\/types\/page"}],"author":[{"embeddable":true,"href":"https:\/\/www.isaitaly.com\/it\/wp-json\/wp\/v2\/users\/3"}],"replies":[{"embeddable":true,"href":"https:\/\/www.isaitaly.com\/it\/wp-json\/wp\/v2\/comments?post=110575"}],"version-history":[{"count":15,"href":"https:\/\/www.isaitaly.com\/it\/wp-json\/wp\/v2\/pages\/110575\/revisions"}],"predecessor-version":[{"id":110938,"href":"https:\/\/www.isaitaly.com\/it\/wp-json\/wp\/v2\/pages\/110575\/revisions\/110938"}],"wp:attachment":[{"href":"https:\/\/www.isaitaly.com\/it\/wp-json\/wp\/v2\/media?parent=110575"}],"wp:term":[{"taxonomy":"alberomarket","embeddable":true,"href":"https:\/\/www.isaitaly.com\/it\/wp-json\/wp\/v2\/alberomarket?post=110575"}],"curies":[{"name":"wp","href":"https:\/\/api.w.org\/{rel}","templated":true}]}}