{"id":67700,"date":"2018-11-08T07:58:14","date_gmt":"2018-11-08T06:58:14","guid":{"rendered":"https:\/\/www.isaitaly.com\/news-eventi\/"},"modified":"2023-08-23T11:57:26","modified_gmt":"2023-08-23T09:57:26","slug":"actualites","status":"publish","type":"page","link":"https:\/\/www.isaitaly.com\/fr\/actualites\/","title":{"rendered":"Actualit\u00e9s"},"content":{"rendered":"<p>[et_pb_section fb_built=\u00a0\u00bb1&Prime; _builder_version=\u00a0\u00bb4.16&Prime; global_colors_info=\u00a0\u00bb{}\u00a0\u00bb][et_pb_row make_equal=\u00a0\u00bbon\u00a0\u00bb custom_padding_last_edited=\u00a0\u00bbon|\u00a0\u00bb module_class=\u00a0\u00bbtemplate-tit-master\u00a0\u00bb _builder_version=\u00a0\u00bb4.16&Prime; max_width=\u00a0\u00bb980px\u00a0\u00bb custom_padding=\u00a0\u00bb30px||30px|\u00a0\u00bb custom_padding_tablet=\u00a0\u00bb\u00a0\u00bb custom_padding_phone=\u00a0\u00bb\u00a0\u00bb use_custom_width=\u00a0\u00bbon\u00a0\u00bb custom_width_px=\u00a0\u00bb980px\u00a0\u00bb global_colors_info=\u00a0\u00bb{}\u00a0\u00bb][et_pb_column type=\u00a0\u00bb4_4&Prime; _builder_version=\u00a0\u00bb4.16&Prime; custom_padding=\u00a0\u00bb|||\u00a0\u00bb global_colors_info=\u00a0\u00bb{}\u00a0\u00bb custom_padding__hover=\u00a0\u00bb|||\u00a0\u00bb][et_pb_c2i_breadcrumbs _builder_version=\u00a0\u00bb3.14&Prime; global_colors_info=\u00a0\u00bb{}\u00a0\u00bb][\/et_pb_c2i_breadcrumbs][et_pb_code disabled_on=\u00a0\u00bbon|on|on\u00a0\u00bb admin_label=\u00a0\u00bbCodice intestazione\u00a0\u00bb _builder_version=\u00a0\u00bb4.16&Prime; disabled=\u00a0\u00bbon\u00a0\u00bb global_colors_info=\u00a0\u00bb{}\u00a0\u00bb]<\/p>\n<div class=\"entry-header\"><!-- [et_pb_line_break_holder] --><\/p>\n<div class=\"c2i-titolo\">\n<h1>News &#038; Eventi<\/h1>\n<\/div>\n<p><!-- [et_pb_line_break_holder] --><\/div>\n<p>[\/et_pb_code][et_pb_c2i_instestazione_pagina title=\u00a0\u00bbActualit\u00e9s\u00a0\u00bb _builder_version=\u00a0\u00bb4.6.3&Prime; global_colors_info=\u00a0\u00bb{}\u00a0\u00bb][\/et_pb_c2i_instestazione_pagina][et_pb_c2i_articoli_filtri _builder_version=\u00a0\u00bb3.14&Prime; global_colors_info=\u00a0\u00bb{}\u00a0\u00bb][\/et_pb_c2i_articoli_filtri][\/et_pb_column][\/et_pb_row][\/et_pb_section][et_pb_section fb_built=\u00a0\u00bb1&Prime; module_id=\u00a0\u00bbc2i-prodotti-container\u00a0\u00bb _builder_version=\u00a0\u00bb4.16&Prime; background_color=\u00a0\u00bb#f6f6f6&Prime; global_colors_info=\u00a0\u00bb{}\u00a0\u00bb][et_pb_row _builder_version=\u00a0\u00bb4.16&Prime; background_size=\u00a0\u00bbinitial\u00a0\u00bb background_position=\u00a0\u00bbtop_left\u00a0\u00bb background_repeat=\u00a0\u00bbrepeat\u00a0\u00bb global_colors_info=\u00a0\u00bb{}\u00a0\u00bb][et_pb_column type=\u00a0\u00bb4_4&Prime; _builder_version=\u00a0\u00bb4.16&Prime; custom_padding=\u00a0\u00bb|||\u00a0\u00bb global_colors_info=\u00a0\u00bb{}\u00a0\u00bb custom_padding__hover=\u00a0\u00bb|||\u00a0\u00bb][et_pb_c2i_articoli_lista _builder_version=\u00a0\u00bb3.14&Prime; global_colors_info=\u00a0\u00bb{}\u00a0\u00bb][\/et_pb_c2i_articoli_lista][\/et_pb_column][\/et_pb_row][\/et_pb_section]<\/p>\n","protected":false},"excerpt":{"rendered":"<p>[et_pb_c2i_breadcrumbs _builder_version=\u00a0\u00bb3.14&Prime; global_colors_info=\u00a0\u00bb{}\u00a0\u00bb][\/et_pb_c2i_breadcrumbs][et_pb_c2i_instestazione_pagina title=\u00a0\u00bbActualit\u00e9s\u00a0\u00bb _builder_version=\u00a0\u00bb4.6.3&Prime; global_colors_info=\u00a0\u00bb{}\u00a0\u00bb][\/et_pb_c2i_instestazione_pagina][et_pb_c2i_articoli_filtri _builder_version=\u00a0\u00bb3.14&Prime; global_colors_info=\u00a0\u00bb{}\u00a0\u00bb][\/et_pb_c2i_articoli_filtri][et_pb_c2i_articoli_lista _builder_version=\u00a0\u00bb3.14&Prime; global_colors_info=\u00a0\u00bb{}\u00a0\u00bb][\/et_pb_c2i_articoli_lista]<\/p>\n","protected":false},"author":2,"featured_media":0,"parent":0,"menu_order":267,"comment_status":"closed","ping_status":"closed","template":"","meta":{"_et_pb_use_builder":"on","_et_pb_old_content":"","_et_gb_content_width":"","footnotes":""},"alberomarket":[],"class_list":["post-67700","page","type-page","status-publish","hentry"],"acf":[],"yoast_head":"<!-- This site is optimized with the Yoast SEO plugin v26.8 - https:\/\/yoast.com\/product\/yoast-seo-wordpress\/ -->\n<title>Actualit\u00e9s | ISA<\/title>\n<meta name=\"description\" content=\"Restez inform\u00e9 des derni\u00e8res nouvelles d&#039;ISA Italia. D\u00e9couvrez les derni\u00e8res tendances et innovations. Inscrivez-vous d\u00e8s maintenant \u00e0 notre newsletter.\" \/>\n<meta name=\"robots\" content=\"index, follow, max-snippet:-1, max-image-preview:large, max-video-preview:-1\" \/>\n<link rel=\"canonical\" href=\"https:\/\/www.isaitaly.com\/fr\/actualites\/\" \/>\n<meta property=\"og:locale\" content=\"fr_FR\" \/>\n<meta property=\"og:type\" content=\"article\" \/>\n<meta property=\"og:title\" content=\"Actualit\u00e9s | ISA\" \/>\n<meta property=\"og:description\" content=\"Restez inform\u00e9 des derni\u00e8res nouvelles d&#039;ISA Italia. D\u00e9couvrez les derni\u00e8res tendances et innovations. Inscrivez-vous d\u00e8s maintenant \u00e0 notre newsletter.\" \/>\n<meta property=\"og:url\" content=\"https:\/\/www.isaitaly.com\/fr\/actualites\/\" \/>\n<meta property=\"og:site_name\" content=\"ISA\" \/>\n<meta property=\"article:modified_time\" content=\"2023-08-23T09:57:26+00:00\" \/>\n<meta name=\"twitter:card\" content=\"summary_large_image\" \/>\n<meta name=\"twitter:label1\" content=\"Dur\u00e9e de lecture estim\u00e9e\" \/>\n\t<meta name=\"twitter:data1\" content=\"1 minute\" \/>\n<script type=\"application\/ld+json\" class=\"yoast-schema-graph\">{\"@context\":\"https:\/\/schema.org\",\"@graph\":[{\"@type\":\"WebPage\",\"@id\":\"https:\/\/www.isaitaly.com\/fr\/actualites\/\",\"url\":\"https:\/\/www.isaitaly.com\/fr\/actualites\/\",\"name\":\"Actualit\u00e9s | ISA\",\"isPartOf\":{\"@id\":\"https:\/\/www.isaitaly.com\/it\/#website\"},\"datePublished\":\"2018-11-08T06:58:14+00:00\",\"dateModified\":\"2023-08-23T09:57:26+00:00\",\"description\":\"Restez inform\u00e9 des derni\u00e8res nouvelles d'ISA Italia. D\u00e9couvrez les derni\u00e8res tendances et innovations. Inscrivez-vous d\u00e8s maintenant \u00e0 notre newsletter.\",\"breadcrumb\":{\"@id\":\"https:\/\/www.isaitaly.com\/fr\/actualites\/#breadcrumb\"},\"inLanguage\":\"fr-FR\",\"potentialAction\":[{\"@type\":\"ReadAction\",\"target\":[\"https:\/\/www.isaitaly.com\/fr\/actualites\/\"]}]},{\"@type\":\"BreadcrumbList\",\"@id\":\"https:\/\/www.isaitaly.com\/fr\/actualites\/#breadcrumb\",\"itemListElement\":[{\"@type\":\"ListItem\",\"position\":1,\"name\":\"Home\",\"item\":\"https:\/\/www.isaitaly.com\/it\/\"},{\"@type\":\"ListItem\",\"position\":2,\"name\":\"Actualit\u00e9s\"}]},{\"@type\":\"WebSite\",\"@id\":\"https:\/\/www.isaitaly.com\/it\/#website\",\"url\":\"https:\/\/www.isaitaly.com\/it\/\",\"name\":\"ISA\",\"description\":\"\",\"potentialAction\":[{\"@type\":\"SearchAction\",\"target\":{\"@type\":\"EntryPoint\",\"urlTemplate\":\"https:\/\/www.isaitaly.com\/it\/?s={search_term_string}\"},\"query-input\":{\"@type\":\"PropertyValueSpecification\",\"valueRequired\":true,\"valueName\":\"search_term_string\"}}],\"inLanguage\":\"fr-FR\"}]}<\/script>\n<!-- \/ Yoast SEO plugin. -->","yoast_head_json":{"title":"Actualit\u00e9s | ISA","description":"Restez inform\u00e9 des derni\u00e8res nouvelles d'ISA Italia. D\u00e9couvrez les derni\u00e8res tendances et innovations. Inscrivez-vous d\u00e8s maintenant \u00e0 notre newsletter.","robots":{"index":"index","follow":"follow","max-snippet":"max-snippet:-1","max-image-preview":"max-image-preview:large","max-video-preview":"max-video-preview:-1"},"canonical":"https:\/\/www.isaitaly.com\/fr\/actualites\/","og_locale":"fr_FR","og_type":"article","og_title":"Actualit\u00e9s | ISA","og_description":"Restez inform\u00e9 des derni\u00e8res nouvelles d'ISA Italia. D\u00e9couvrez les derni\u00e8res tendances et innovations. Inscrivez-vous d\u00e8s maintenant \u00e0 notre newsletter.","og_url":"https:\/\/www.isaitaly.com\/fr\/actualites\/","og_site_name":"ISA","article_modified_time":"2023-08-23T09:57:26+00:00","twitter_card":"summary_large_image","twitter_misc":{"Dur\u00e9e de lecture estim\u00e9e":"1 minute"},"schema":{"@context":"https:\/\/schema.org","@graph":[{"@type":"WebPage","@id":"https:\/\/www.isaitaly.com\/fr\/actualites\/","url":"https:\/\/www.isaitaly.com\/fr\/actualites\/","name":"Actualit\u00e9s | ISA","isPartOf":{"@id":"https:\/\/www.isaitaly.com\/it\/#website"},"datePublished":"2018-11-08T06:58:14+00:00","dateModified":"2023-08-23T09:57:26+00:00","description":"Restez inform\u00e9 des derni\u00e8res nouvelles d'ISA Italia. D\u00e9couvrez les derni\u00e8res tendances et innovations. Inscrivez-vous d\u00e8s maintenant \u00e0 notre newsletter.","breadcrumb":{"@id":"https:\/\/www.isaitaly.com\/fr\/actualites\/#breadcrumb"},"inLanguage":"fr-FR","potentialAction":[{"@type":"ReadAction","target":["https:\/\/www.isaitaly.com\/fr\/actualites\/"]}]},{"@type":"BreadcrumbList","@id":"https:\/\/www.isaitaly.com\/fr\/actualites\/#breadcrumb","itemListElement":[{"@type":"ListItem","position":1,"name":"Home","item":"https:\/\/www.isaitaly.com\/it\/"},{"@type":"ListItem","position":2,"name":"Actualit\u00e9s"}]},{"@type":"WebSite","@id":"https:\/\/www.isaitaly.com\/it\/#website","url":"https:\/\/www.isaitaly.com\/it\/","name":"ISA","description":"","potentialAction":[{"@type":"SearchAction","target":{"@type":"EntryPoint","urlTemplate":"https:\/\/www.isaitaly.com\/it\/?s={search_term_string}"},"query-input":{"@type":"PropertyValueSpecification","valueRequired":true,"valueName":"search_term_string"}}],"inLanguage":"fr-FR"}]}},"_links":{"self":[{"href":"https:\/\/www.isaitaly.com\/fr\/wp-json\/wp\/v2\/pages\/67700","targetHints":{"allow":["GET"]}}],"collection":[{"href":"https:\/\/www.isaitaly.com\/fr\/wp-json\/wp\/v2\/pages"}],"about":[{"href":"https:\/\/www.isaitaly.com\/fr\/wp-json\/wp\/v2\/types\/page"}],"author":[{"embeddable":true,"href":"https:\/\/www.isaitaly.com\/fr\/wp-json\/wp\/v2\/users\/2"}],"replies":[{"embeddable":true,"href":"https:\/\/www.isaitaly.com\/fr\/wp-json\/wp\/v2\/comments?post=67700"}],"version-history":[{"count":5,"href":"https:\/\/www.isaitaly.com\/fr\/wp-json\/wp\/v2\/pages\/67700\/revisions"}],"predecessor-version":[{"id":105217,"href":"https:\/\/www.isaitaly.com\/fr\/wp-json\/wp\/v2\/pages\/67700\/revisions\/105217"}],"wp:attachment":[{"href":"https:\/\/www.isaitaly.com\/fr\/wp-json\/wp\/v2\/media?parent=67700"}],"wp:term":[{"taxonomy":"alberomarket","embeddable":true,"href":"https:\/\/www.isaitaly.com\/fr\/wp-json\/wp\/v2\/alberomarket?post=67700"}],"curies":[{"name":"wp","href":"https:\/\/api.w.org\/{rel}","templated":true}]}}