{"id":67678,"date":"2019-12-04T16:41:20","date_gmt":"2019-12-04T15:41:20","guid":{"rendered":"https:\/\/www.isaitaly.com\/banchi-frigo-supermercati\/isole-promozionali-refrigerate\/"},"modified":"2023-08-22T17:12:39","modified_gmt":"2023-08-22T15:12:39","slug":"bacs-promotionnels","status":"publish","type":"page","link":"https:\/\/www.isaitaly.com\/fr\/comptoirs-refrigeres-supermarches\/bacs-promotionnels\/","title":{"rendered":"Bacs promotionnels"},"content":{"rendered":"<p>[et_pb_section fb_built=\u00a0\u00bb1&Prime; module_id=\u00a0\u00bbc2i-sub-menu-prodotti\u00a0\u00bb _builder_version=\u00a0\u00bb4.16&Prime; global_colors_info=\u00a0\u00bb{}\u00a0\u00bb][et_pb_row use_custom_gutter=\u00a0\u00bbon\u00a0\u00bb gutter_width=\u00a0\u00bb1&Prime; make_equal=\u00a0\u00bbon\u00a0\u00bb custom_padding_last_edited=\u00a0\u00bbon|\u00a0\u00bb module_class=\u00a0\u00bbtemplate-tit-master et_pb_row_fullwidth\u00a0\u00bb _builder_version=\u00a0\u00bb4.16&Prime; width=\u00a0\u00bb100%\u00a0\u00bb width_tablet=\u00a0\u00bb100%\u00a0\u00bb width_phone=\u00a0\u00bb\u00a0\u00bb width_last_edited=\u00a0\u00bbon|desktop\u00a0\u00bb max_width=\u00a0\u00bb100%\u00a0\u00bb max_width_tablet=\u00a0\u00bb100%\u00a0\u00bb max_width_phone=\u00a0\u00bb\u00a0\u00bb max_width_last_edited=\u00a0\u00bbon|desktop\u00a0\u00bb custom_padding=\u00a0\u00bb0px||0px|\u00a0\u00bb custom_padding_tablet=\u00a0\u00bb\u00a0\u00bb custom_padding_phone=\u00a0\u00bb\u00a0\u00bb make_fullwidth=\u00a0\u00bbon\u00a0\u00bb custom_width_px=\u00a0\u00bb980px\u00a0\u00bb global_colors_info=\u00a0\u00bb{}\u00a0\u00bb][et_pb_column type=\u00a0\u00bb4_4&Prime; _builder_version=\u00a0\u00bb4.16&Prime; custom_padding=\u00a0\u00bb|||\u00a0\u00bb global_colors_info=\u00a0\u00bb{}\u00a0\u00bb custom_padding__hover=\u00a0\u00bb|||\u00a0\u00bb][et_pb_c2i_sub_menu _builder_version=\u00a0\u00bb3.14&Prime; global_colors_info=\u00a0\u00bb{}\u00a0\u00bb][\/et_pb_c2i_sub_menu][\/et_pb_column][\/et_pb_row][\/et_pb_section][et_pb_section fb_built=\u00a0\u00bb1&Prime; _builder_version=\u00a0\u00bb4.16&Prime; custom_margin=\u00a0\u00bb0px||0px|\u00a0\u00bb custom_padding=\u00a0\u00bb0px||0px|\u00a0\u00bb custom_css_main_element=\u00a0\u00bbz-index: 9999;\u00a0\u00bb global_colors_info=\u00a0\u00bb{}\u00a0\u00bb][et_pb_row use_custom_gutter=\u00a0\u00bbon\u00a0\u00bb module_class=\u00a0\u00bb et_pb_row_fullwidth\u00a0\u00bb _builder_version=\u00a0\u00bb4.16&Prime; width=\u00a0\u00bb94%\u00a0\u00bb width_tablet=\u00a0\u00bb80%\u00a0\u00bb width_phone=\u00a0\u00bb\u00a0\u00bb width_last_edited=\u00a0\u00bbon|desktop\u00a0\u00bb max_width=\u00a0\u00bb94%\u00a0\u00bb max_width_tablet=\u00a0\u00bb80%\u00a0\u00bb max_width_phone=\u00a0\u00bb\u00a0\u00bb max_width_last_edited=\u00a0\u00bbon|desktop\u00a0\u00bb custom_margin=\u00a0\u00bb0px||0px|\u00a0\u00bb custom_padding=\u00a0\u00bb0px||0px|\u00a0\u00bb make_fullwidth=\u00a0\u00bbon\u00a0\u00bb global_colors_info=\u00a0\u00bb{}\u00a0\u00bb][et_pb_column type=\u00a0\u00bb4_4&Prime; _builder_version=\u00a0\u00bb4.16&Prime; custom_padding=\u00a0\u00bb|||\u00a0\u00bb global_colors_info=\u00a0\u00bb{}\u00a0\u00bb custom_padding__hover=\u00a0\u00bb|||\u00a0\u00bb][et_pb_c2i_selettore_v2 _builder_version=\u00a0\u00bb3.14&Prime; global_colors_info=\u00a0\u00bb{}\u00a0\u00bb][\/et_pb_c2i_selettore_v2][\/et_pb_column][\/et_pb_row][\/et_pb_section][et_pb_section fb_built=\u00a0\u00bb1&Prime; _builder_version=\u00a0\u00bb4.16&Prime; global_colors_info=\u00a0\u00bb{}\u00a0\u00bb][et_pb_row make_equal=\u00a0\u00bbon\u00a0\u00bb custom_padding_last_edited=\u00a0\u00bbon|\u00a0\u00bb module_class=\u00a0\u00bbtemplate-tit-master\u00a0\u00bb _builder_version=\u00a0\u00bb4.16&Prime; max_width=\u00a0\u00bb980px\u00a0\u00bb custom_padding=\u00a0\u00bb30px||30px|\u00a0\u00bb custom_padding_tablet=\u00a0\u00bb\u00a0\u00bb custom_padding_phone=\u00a0\u00bb\u00a0\u00bb use_custom_width=\u00a0\u00bbon\u00a0\u00bb custom_width_px=\u00a0\u00bb980px\u00a0\u00bb global_colors_info=\u00a0\u00bb{}\u00a0\u00bb][et_pb_column type=\u00a0\u00bb4_4&Prime; _builder_version=\u00a0\u00bb4.16&Prime; custom_padding=\u00a0\u00bb|||\u00a0\u00bb global_colors_info=\u00a0\u00bb{}\u00a0\u00bb custom_padding__hover=\u00a0\u00bb|||\u00a0\u00bb][et_pb_c2i_breadcrumbs _builder_version=\u00a0\u00bb3.14&Prime; global_colors_info=\u00a0\u00bb{}\u00a0\u00bb][\/et_pb_c2i_breadcrumbs][et_pb_c2i_instestazione_pagina title=\u00a0\u00bbBacs promotionnels\u00a0\u00bb _builder_version=\u00a0\u00bb4.6.3&Prime; global_colors_info=\u00a0\u00bb{}\u00a0\u00bb][\/et_pb_c2i_instestazione_pagina][\/et_pb_column][\/et_pb_row][\/et_pb_section][et_pb_section fb_built=\u00a0\u00bb1&Prime; module_id=\u00a0\u00bbc2i-prodotti-container\u00a0\u00bb _builder_version=\u00a0\u00bb4.16&Prime; background_color=\u00a0\u00bb#f6f6f6&Prime; global_colors_info=\u00a0\u00bb{}\u00a0\u00bb][et_pb_row _builder_version=\u00a0\u00bb4.16&Prime; custom_width_px=\u00a0\u00bb1680px\u00a0\u00bb global_colors_info=\u00a0\u00bb{}\u00a0\u00bb][et_pb_column type=\u00a0\u00bb4_4&Prime; _builder_version=\u00a0\u00bb4.16&Prime; custom_padding=\u00a0\u00bb|||\u00a0\u00bb global_colors_info=\u00a0\u00bb{}\u00a0\u00bb custom_padding__hover=\u00a0\u00bb|||\u00a0\u00bb][et_pb_c2i_prodotti _builder_version=\u00a0\u00bb3.14&Prime; global_colors_info=\u00a0\u00bb{}\u00a0\u00bb][\/et_pb_c2i_prodotti][\/et_pb_column][\/et_pb_row][\/et_pb_section]<\/p>\n","protected":false},"excerpt":{"rendered":"<p>[et_pb_c2i_sub_menu _builder_version=\u00a0\u00bb3.14&Prime; global_colors_info=\u00a0\u00bb{}\u00a0\u00bb][\/et_pb_c2i_sub_menu][et_pb_c2i_selettore_v2 _builder_version=\u00a0\u00bb3.14&Prime; global_colors_info=\u00a0\u00bb{}\u00a0\u00bb][\/et_pb_c2i_selettore_v2][et_pb_c2i_breadcrumbs _builder_version=\u00a0\u00bb3.14&Prime; global_colors_info=\u00a0\u00bb{}\u00a0\u00bb][\/et_pb_c2i_breadcrumbs][et_pb_c2i_instestazione_pagina title=\u00a0\u00bbBacs promotionnels\u00a0\u00bb _builder_version=\u00a0\u00bb4.6.3&Prime; global_colors_info=\u00a0\u00bb{}\u00a0\u00bb][\/et_pb_c2i_instestazione_pagina][et_pb_c2i_prodotti _builder_version=\u00a0\u00bb3.14&Prime; global_colors_info=\u00a0\u00bb{}\u00a0\u00bb][\/et_pb_c2i_prodotti]<\/p>\n","protected":false},"author":2,"featured_media":0,"parent":63072,"menu_order":236,"comment_status":"closed","ping_status":"closed","template":"","meta":{"_et_pb_use_builder":"on","_et_pb_old_content":"","_et_gb_content_width":"","footnotes":""},"alberomarket":[],"class_list":["post-67678","page","type-page","status-publish","hentry"],"acf":[],"yoast_head":"<!-- This site is optimized with the Yoast SEO plugin v26.8 - https:\/\/yoast.com\/product\/yoast-seo-wordpress\/ -->\n<title>\u00celes r\u00e9frig\u00e9r\u00e9es - Comptoirs R\u00e9frig\u00e9r\u00e9s Supermarch\u00e9s | ISA<\/title>\n<meta name=\"description\" content=\"\u00celots promotionnels r\u00e9frig\u00e9r\u00e9s : choisissez votre \u00eelot promotionnel r\u00e9frig\u00e9r\u00e9 dans la gamme de march\u00e9 d&#039;ISA SpA.\" \/>\n<meta name=\"robots\" content=\"index, follow, max-snippet:-1, max-image-preview:large, max-video-preview:-1\" \/>\n<link rel=\"canonical\" href=\"https:\/\/www.isaitaly.com\/fr\/comptoirs-refrigeres-supermarches\/bacs-promotionnels\/\" \/>\n<meta property=\"og:locale\" content=\"fr_FR\" \/>\n<meta property=\"og:type\" content=\"article\" \/>\n<meta property=\"og:title\" content=\"\u00celes r\u00e9frig\u00e9r\u00e9es - Comptoirs R\u00e9frig\u00e9r\u00e9s Supermarch\u00e9s | ISA\" \/>\n<meta property=\"og:description\" content=\"\u00celots promotionnels r\u00e9frig\u00e9r\u00e9s : choisissez votre \u00eelot promotionnel r\u00e9frig\u00e9r\u00e9 dans la gamme de march\u00e9 d&#039;ISA SpA.\" \/>\n<meta property=\"og:url\" content=\"https:\/\/www.isaitaly.com\/fr\/comptoirs-refrigeres-supermarches\/bacs-promotionnels\/\" \/>\n<meta property=\"og:site_name\" content=\"ISA\" \/>\n<meta property=\"article:modified_time\" content=\"2023-08-22T15:12:39+00:00\" \/>\n<meta name=\"twitter:card\" content=\"summary_large_image\" \/>\n<meta name=\"twitter:label1\" content=\"Dur\u00e9e de lecture estim\u00e9e\" \/>\n\t<meta name=\"twitter:data1\" content=\"1 minute\" \/>\n<script type=\"application\/ld+json\" class=\"yoast-schema-graph\">{\"@context\":\"https:\/\/schema.org\",\"@graph\":[{\"@type\":\"WebPage\",\"@id\":\"https:\/\/www.isaitaly.com\/fr\/comptoirs-refrigeres-supermarches\/bacs-promotionnels\/\",\"url\":\"https:\/\/www.isaitaly.com\/fr\/comptoirs-refrigeres-supermarches\/bacs-promotionnels\/\",\"name\":\"\u00celes r\u00e9frig\u00e9r\u00e9es - Comptoirs R\u00e9frig\u00e9r\u00e9s Supermarch\u00e9s | ISA\",\"isPartOf\":{\"@id\":\"https:\/\/www.isaitaly.com\/it\/#website\"},\"datePublished\":\"2019-12-04T15:41:20+00:00\",\"dateModified\":\"2023-08-22T15:12:39+00:00\",\"description\":\"\u00celots promotionnels r\u00e9frig\u00e9r\u00e9s : choisissez votre \u00eelot promotionnel r\u00e9frig\u00e9r\u00e9 dans la gamme de march\u00e9 d'ISA SpA.\",\"breadcrumb\":{\"@id\":\"https:\/\/www.isaitaly.com\/fr\/comptoirs-refrigeres-supermarches\/bacs-promotionnels\/#breadcrumb\"},\"inLanguage\":\"fr-FR\",\"potentialAction\":[{\"@type\":\"ReadAction\",\"target\":[\"https:\/\/www.isaitaly.com\/fr\/comptoirs-refrigeres-supermarches\/bacs-promotionnels\/\"]}]},{\"@type\":\"BreadcrumbList\",\"@id\":\"https:\/\/www.isaitaly.com\/fr\/comptoirs-refrigeres-supermarches\/bacs-promotionnels\/#breadcrumb\",\"itemListElement\":[{\"@type\":\"ListItem\",\"position\":1,\"name\":\"Home\",\"item\":\"https:\/\/www.isaitaly.com\/it\/\"},{\"@type\":\"ListItem\",\"position\":2,\"name\":\"March\u00e9\",\"item\":\"https:\/\/www.isaitaly.com\/fr\/comptoirs-refrigeres-supermarches\/\"},{\"@type\":\"ListItem\",\"position\":3,\"name\":\"Bacs promotionnels\"}]},{\"@type\":\"WebSite\",\"@id\":\"https:\/\/www.isaitaly.com\/it\/#website\",\"url\":\"https:\/\/www.isaitaly.com\/it\/\",\"name\":\"ISA\",\"description\":\"\",\"potentialAction\":[{\"@type\":\"SearchAction\",\"target\":{\"@type\":\"EntryPoint\",\"urlTemplate\":\"https:\/\/www.isaitaly.com\/it\/?s={search_term_string}\"},\"query-input\":{\"@type\":\"PropertyValueSpecification\",\"valueRequired\":true,\"valueName\":\"search_term_string\"}}],\"inLanguage\":\"fr-FR\"}]}<\/script>\n<!-- \/ Yoast SEO plugin. -->","yoast_head_json":{"title":"\u00celes r\u00e9frig\u00e9r\u00e9es - Comptoirs R\u00e9frig\u00e9r\u00e9s Supermarch\u00e9s | ISA","description":"\u00celots promotionnels r\u00e9frig\u00e9r\u00e9s : choisissez votre \u00eelot promotionnel r\u00e9frig\u00e9r\u00e9 dans la gamme de march\u00e9 d'ISA SpA.","robots":{"index":"index","follow":"follow","max-snippet":"max-snippet:-1","max-image-preview":"max-image-preview:large","max-video-preview":"max-video-preview:-1"},"canonical":"https:\/\/www.isaitaly.com\/fr\/comptoirs-refrigeres-supermarches\/bacs-promotionnels\/","og_locale":"fr_FR","og_type":"article","og_title":"\u00celes r\u00e9frig\u00e9r\u00e9es - Comptoirs R\u00e9frig\u00e9r\u00e9s Supermarch\u00e9s | ISA","og_description":"\u00celots promotionnels r\u00e9frig\u00e9r\u00e9s : choisissez votre \u00eelot promotionnel r\u00e9frig\u00e9r\u00e9 dans la gamme de march\u00e9 d'ISA SpA.","og_url":"https:\/\/www.isaitaly.com\/fr\/comptoirs-refrigeres-supermarches\/bacs-promotionnels\/","og_site_name":"ISA","article_modified_time":"2023-08-22T15:12:39+00:00","twitter_card":"summary_large_image","twitter_misc":{"Dur\u00e9e de lecture estim\u00e9e":"1 minute"},"schema":{"@context":"https:\/\/schema.org","@graph":[{"@type":"WebPage","@id":"https:\/\/www.isaitaly.com\/fr\/comptoirs-refrigeres-supermarches\/bacs-promotionnels\/","url":"https:\/\/www.isaitaly.com\/fr\/comptoirs-refrigeres-supermarches\/bacs-promotionnels\/","name":"\u00celes r\u00e9frig\u00e9r\u00e9es - Comptoirs R\u00e9frig\u00e9r\u00e9s Supermarch\u00e9s | ISA","isPartOf":{"@id":"https:\/\/www.isaitaly.com\/it\/#website"},"datePublished":"2019-12-04T15:41:20+00:00","dateModified":"2023-08-22T15:12:39+00:00","description":"\u00celots promotionnels r\u00e9frig\u00e9r\u00e9s : choisissez votre \u00eelot promotionnel r\u00e9frig\u00e9r\u00e9 dans la gamme de march\u00e9 d'ISA SpA.","breadcrumb":{"@id":"https:\/\/www.isaitaly.com\/fr\/comptoirs-refrigeres-supermarches\/bacs-promotionnels\/#breadcrumb"},"inLanguage":"fr-FR","potentialAction":[{"@type":"ReadAction","target":["https:\/\/www.isaitaly.com\/fr\/comptoirs-refrigeres-supermarches\/bacs-promotionnels\/"]}]},{"@type":"BreadcrumbList","@id":"https:\/\/www.isaitaly.com\/fr\/comptoirs-refrigeres-supermarches\/bacs-promotionnels\/#breadcrumb","itemListElement":[{"@type":"ListItem","position":1,"name":"Home","item":"https:\/\/www.isaitaly.com\/it\/"},{"@type":"ListItem","position":2,"name":"March\u00e9","item":"https:\/\/www.isaitaly.com\/fr\/comptoirs-refrigeres-supermarches\/"},{"@type":"ListItem","position":3,"name":"Bacs promotionnels"}]},{"@type":"WebSite","@id":"https:\/\/www.isaitaly.com\/it\/#website","url":"https:\/\/www.isaitaly.com\/it\/","name":"ISA","description":"","potentialAction":[{"@type":"SearchAction","target":{"@type":"EntryPoint","urlTemplate":"https:\/\/www.isaitaly.com\/it\/?s={search_term_string}"},"query-input":{"@type":"PropertyValueSpecification","valueRequired":true,"valueName":"search_term_string"}}],"inLanguage":"fr-FR"}]}},"_links":{"self":[{"href":"https:\/\/www.isaitaly.com\/fr\/wp-json\/wp\/v2\/pages\/67678","targetHints":{"allow":["GET"]}}],"collection":[{"href":"https:\/\/www.isaitaly.com\/fr\/wp-json\/wp\/v2\/pages"}],"about":[{"href":"https:\/\/www.isaitaly.com\/fr\/wp-json\/wp\/v2\/types\/page"}],"author":[{"embeddable":true,"href":"https:\/\/www.isaitaly.com\/fr\/wp-json\/wp\/v2\/users\/2"}],"replies":[{"embeddable":true,"href":"https:\/\/www.isaitaly.com\/fr\/wp-json\/wp\/v2\/comments?post=67678"}],"version-history":[{"count":8,"href":"https:\/\/www.isaitaly.com\/fr\/wp-json\/wp\/v2\/pages\/67678\/revisions"}],"predecessor-version":[{"id":105177,"href":"https:\/\/www.isaitaly.com\/fr\/wp-json\/wp\/v2\/pages\/67678\/revisions\/105177"}],"up":[{"embeddable":true,"href":"https:\/\/www.isaitaly.com\/fr\/wp-json\/wp\/v2\/pages\/63072"}],"wp:attachment":[{"href":"https:\/\/www.isaitaly.com\/fr\/wp-json\/wp\/v2\/media?parent=67678"}],"wp:term":[{"taxonomy":"alberomarket","embeddable":true,"href":"https:\/\/www.isaitaly.com\/fr\/wp-json\/wp\/v2\/alberomarket?post=67678"}],"curies":[{"name":"wp","href":"https:\/\/api.w.org\/{rel}","templated":true}]}}