{"id":67612,"date":"2020-01-08T10:22:59","date_gmt":"2020-01-08T09:22:59","guid":{"rendered":"https:\/\/www.isaitaly.com\/arredamento-bar\/"},"modified":"2025-01-15T12:26:41","modified_gmt":"2025-01-15T11:26:41","slug":"ameublement","status":"publish","type":"page","link":"https:\/\/www.isaitaly.com\/fr\/ameublement\/","title":{"rendered":"Ameublement"},"content":{"rendered":"<p>[et_pb_section fb_built=\u00a0\u00bb1&Prime; admin_label=\u00a0\u00bbSezione\u00a0\u00bb module_id=\u00a0\u00bbc2i-sub-menu-prodotti\u00a0\u00bb _builder_version=\u00a0\u00bb4.16&Prime; locked=\u00a0\u00bboff\u00a0\u00bb global_colors_info=\u00a0\u00bb{}\u00a0\u00bb][et_pb_row use_custom_gutter=\u00a0\u00bbon\u00a0\u00bb gutter_width=\u00a0\u00bb1&Prime; make_equal=\u00a0\u00bbon\u00a0\u00bb custom_padding_last_edited=\u00a0\u00bbon|\u00a0\u00bb module_class=\u00a0\u00bbtemplate-tit-master et_pb_row_fullwidth\u00a0\u00bb _builder_version=\u00a0\u00bb4.16&Prime; width=\u00a0\u00bb100%\u00a0\u00bb width_tablet=\u00a0\u00bb100%\u00a0\u00bb width_phone=\u00a0\u00bb\u00a0\u00bb width_last_edited=\u00a0\u00bbon|desktop\u00a0\u00bb max_width=\u00a0\u00bb100%\u00a0\u00bb max_width_tablet=\u00a0\u00bb100%\u00a0\u00bb max_width_phone=\u00a0\u00bb\u00a0\u00bb max_width_last_edited=\u00a0\u00bbon|desktop\u00a0\u00bb custom_padding=\u00a0\u00bb0px||0px|\u00a0\u00bb custom_padding_tablet=\u00a0\u00bb\u00a0\u00bb custom_padding_phone=\u00a0\u00bb\u00a0\u00bb make_fullwidth=\u00a0\u00bbon\u00a0\u00bb custom_width_px=\u00a0\u00bb980px\u00a0\u00bb global_colors_info=\u00a0\u00bb{}\u00a0\u00bb][et_pb_column type=\u00a0\u00bb4_4&Prime; _builder_version=\u00a0\u00bb4.16&Prime; custom_padding=\u00a0\u00bb|||\u00a0\u00bb global_colors_info=\u00a0\u00bb{}\u00a0\u00bb custom_padding__hover=\u00a0\u00bb|||\u00a0\u00bb][et_pb_c2i_sub_menu _builder_version=\u00a0\u00bb4.21.2&Prime; global_colors_info=\u00a0\u00bb{}\u00a0\u00bb][\/et_pb_c2i_sub_menu][\/et_pb_column][\/et_pb_row][\/et_pb_section][et_pb_section fb_built=\u00a0\u00bb1&Prime; _builder_version=\u00a0\u00bb4.16&Prime; locked=\u00a0\u00bboff\u00a0\u00bb global_colors_info=\u00a0\u00bb{}\u00a0\u00bb][et_pb_row use_custom_gutter=\u00a0\u00bbon\u00a0\u00bb gutter_width=\u00a0\u00bb1&Prime; make_equal=\u00a0\u00bbon\u00a0\u00bb custom_padding_last_edited=\u00a0\u00bbon|\u00a0\u00bb module_class=\u00a0\u00bb et_pb_row_fullwidth\u00a0\u00bb _builder_version=\u00a0\u00bb4.16&Prime; width=\u00a0\u00bb100%\u00a0\u00bb width_tablet=\u00a0\u00bb100%\u00a0\u00bb width_phone=\u00a0\u00bb\u00a0\u00bb width_last_edited=\u00a0\u00bbon|desktop\u00a0\u00bb max_width=\u00a0\u00bb100%\u00a0\u00bb max_width_tablet=\u00a0\u00bb100%\u00a0\u00bb max_width_phone=\u00a0\u00bb\u00a0\u00bb max_width_last_edited=\u00a0\u00bbon|desktop\u00a0\u00bb custom_padding=\u00a0\u00bb0px||0px|\u00a0\u00bb custom_padding_tablet=\u00a0\u00bb\u00a0\u00bb custom_padding_phone=\u00a0\u00bb\u00a0\u00bb make_fullwidth=\u00a0\u00bbon\u00a0\u00bb global_colors_info=\u00a0\u00bb{}\u00a0\u00bb][et_pb_column type=\u00a0\u00bb4_4&Prime; _builder_version=\u00a0\u00bb4.16&Prime; custom_padding=\u00a0\u00bb|||\u00a0\u00bb global_colors_info=\u00a0\u00bb{}\u00a0\u00bb custom_padding__hover=\u00a0\u00bb|||\u00a0\u00bb][et_pb_c2i_slider admin_label=\u00a0\u00bbC2I Slider\u00a0\u00bb _builder_version=\u00a0\u00bb4.21.2&Prime; header_font=\u00a0\u00bbRoboto||||||||\u00a0\u00bb header_text_align=\u00a0\u00bbcenter\u00a0\u00bb button_alignment=\u00a0\u00bbleft\u00a0\u00bb hover_enabled=\u00a0\u00bb0&Prime; header_font_size_tablet=\u00a0\u00bb51&Prime; header_line_height_tablet=\u00a0\u00bb2&Prime; body_font_size_tablet=\u00a0\u00bb51&Prime; body_line_height_tablet=\u00a0\u00bb2&Prime; button_text_size_tablet=\u00a0\u00bb\u00a0\u00bb button_text_size_phone=\u00a0\u00bb\u00a0\u00bb button_text_size_last_edited=\u00a0\u00bbon|\u00a0\u00bb z_index_tablet=\u00a0\u00bb500&Prime; global_colors_info=\u00a0\u00bb{}\u00a0\u00bb sticky_enabled=\u00a0\u00bb0&Prime;][et_pb_slide url_new_window=\u00a0\u00bbon\u00a0\u00bb use_bg_overlay=\u00a0\u00bboff\u00a0\u00bb use_text_overlay=\u00a0\u00bboff\u00a0\u00bb alignment=\u00a0\u00bbbottom\u00a0\u00bb admin_title=\u00a0\u00bbSlide 1&Prime; button_text_last_edited=\u00a0\u00bboff|desktop\u00a0\u00bb _builder_version=\u00a0\u00bb4.21.2&Prime; header_font=\u00a0\u00bb|500|||||||\u00a0\u00bb background_color=\u00a0\u00bb#ffffff\u00a0\u00bb background_image=\u00a0\u00bbhttps:\/\/www.isaitaly.com\/wp-content\/uploads\/2025\/01\/POKER-Caffetteria-Cioccolateria-Vista-1-DEF_1.jpg\u00a0\u00bb background_enable_image=\u00a0\u00bbon\u00a0\u00bb button_on_hover=\u00a0\u00bbon\u00a0\u00bb button_rel=\u00a0\u00bboff|off|||\u00a0\u00bb link_option_url_new_window=\u00a0\u00bbon\u00a0\u00bb hover_enabled=\u00a0\u00bb0&Prime; header_letter_spacing_tablet=\u00a0\u00bb10px\u00a0\u00bb header_letter_spacing_phone=\u00a0\u00bb10px\u00a0\u00bb button_text_size_tablet=\u00a0\u00bb16&Prime; button_text_size_phone=\u00a0\u00bb16&Prime; global_colors_info=\u00a0\u00bb{}\u00a0\u00bb title_text=\u00a0\u00bbPOKER-Caffetteria Cioccolateria &#8211; Vista 1 DEF_1&Prime; sticky_enabled=\u00a0\u00bb0&Prime;][\/et_pb_slide][\/et_pb_c2i_slider][\/et_pb_column][\/et_pb_row][\/et_pb_section][et_pb_section fb_built=\u00a0\u00bb1&Prime; _builder_version=\u00a0\u00bb4.16&Prime; background_color=\u00a0\u00bb#F6F6F6&Prime; custom_margin=\u00a0\u00bb0px||0px||false|false\u00a0\u00bb custom_padding=\u00a0\u00bb0px||0px||false|false\u00a0\u00bb locked=\u00a0\u00bboff\u00a0\u00bb global_colors_info=\u00a0\u00bb{}\u00a0\u00bb][et_pb_row _builder_version=\u00a0\u00bb4.16&Prime; global_colors_info=\u00a0\u00bb{}\u00a0\u00bb][et_pb_column type=\u00a0\u00bb4_4&Prime; _builder_version=\u00a0\u00bb4.16&Prime; global_colors_info=\u00a0\u00bb{}\u00a0\u00bb][et_pb_c2i_titolo_pagina pretitle=\u00a0\u00bbSOLUTIONS D&rsquo;AMEUBLEMENT\u00a0\u00bb title=\u00a0\u00bbCollections\u00a0\u00bb admin_label=\u00a0\u00bbC2I Titolo Pagina\u00a0\u00bb _builder_version=\u00a0\u00bb4.6.3&Prime; global_colors_info=\u00a0\u00bb{}\u00a0\u00bb][\/et_pb_c2i_titolo_pagina][et_pb_text _builder_version=\u00a0\u00bb4.16&Prime; _module_preset=\u00a0\u00bbdefault\u00a0\u00bb global_colors_info=\u00a0\u00bb{}\u00a0\u00bb]<\/p>\n<p style=\"text-align: center;\">D\u00e9couvrez les solutions originales d&rsquo;ameublement et de design qu&rsquo;ISA propose pour votre lieu. Meubles de bar avec des solutions \u00e9tudi\u00e9es par les meilleurs designs italiens pour les grands espaces m\u00e9tropolitains et des solutions modulaires pour tout type de besoin. Des collections inspir\u00e9es de l&rsquo;architecture et du design des quartiers les plus particuliers du monde pour toujours vous offrir une solution de mobilier de bar design et personnalis\u00e9.<\/p>\n<p>[\/et_pb_text][\/et_pb_column][\/et_pb_row][\/et_pb_section][et_pb_section fb_built=\u00a0\u00bb1&Prime; _builder_version=\u00a0\u00bb4.16&Prime; background_color=\u00a0\u00bb#F6F6F6&Prime; custom_margin=\u00a0\u00bb0px||0px||false|false\u00a0\u00bb custom_padding=\u00a0\u00bb0px||0px||false|false\u00a0\u00bb global_colors_info=\u00a0\u00bb{}\u00a0\u00bb][et_pb_row _builder_version=\u00a0\u00bb4.16&Prime; custom_margin=\u00a0\u00bb0px||||false|false\u00a0\u00bb custom_padding=\u00a0\u00bb0px||||false|false\u00a0\u00bb global_colors_info=\u00a0\u00bb{}\u00a0\u00bb][et_pb_column type=\u00a0\u00bb4_4&Prime; _builder_version=\u00a0\u00bb4.16&Prime; global_colors_info=\u00a0\u00bb{}\u00a0\u00bb][et_pb_c2i_prodotti_slider _builder_version=\u00a0\u00bb4.21.2&Prime; global_colors_info=\u00a0\u00bb{}\u00a0\u00bb][\/et_pb_c2i_prodotti_slider][\/et_pb_column][\/et_pb_row][\/et_pb_section][et_pb_section fb_built=\u00a0\u00bb1&Prime; _builder_version=\u00a0\u00bb4.16&Prime; custom_margin=\u00a0\u00bb0px||0px||false|false\u00a0\u00bb custom_padding=\u00a0\u00bb0px||0px||false|false\u00a0\u00bb global_colors_info=\u00a0\u00bb{}\u00a0\u00bb][et_pb_row use_custom_gutter=\u00a0\u00bbon\u00a0\u00bb gutter_width=\u00a0\u00bb1&Prime; _builder_version=\u00a0\u00bb4.16&Prime; width=\u00a0\u00bb100%\u00a0\u00bb custom_margin=\u00a0\u00bb0px||0px||false|false\u00a0\u00bb custom_padding=\u00a0\u00bb0px||0px||false|false\u00a0\u00bb global_colors_info=\u00a0\u00bb{}\u00a0\u00bb][et_pb_column type=\u00a0\u00bb4_4&Prime; _builder_version=\u00a0\u00bb4.16&Prime; global_colors_info=\u00a0\u00bb{}\u00a0\u00bb][et_pb_c2i_banner_small_sx titlesection=\u00a0\u00bbLe frigo-bar con\u00e7u par ISA\u00a0\u00bb title=\u00a0\u00bbGENESIS\u00a0\u00bb link=\u00a0\u00bbhttps:\/\/www.isaitaly.com\/fr\/mini-bar-genesis\/\u00a0\u00bb src=\u00a0\u00bbhttps:\/\/www.isaitaly.com\/wp-content\/uploads\/2023\/10\/Arredamento_GENESISY.jpg\u00a0\u00bb _builder_version=\u00a0\u00bb4.21.2&Prime; global_colors_info=\u00a0\u00bb{}\u00a0\u00bb]<\/p>\n<p>Genesis est le fruit de la rencontre entre la culture industrielle qui s\u2019inspire du meilleur design italien et la technologie \u00e9codurable d\u2019ISA; le frigo-bar innovanta la personnalit\u00e9 d\u2019un meuble de rangement raffin\u00e9.<\/p>\n<p>Con\u00e7u comme un meuble de rangement minimaliste et contemporain, le frigo-bar Genesis contient deux ou trois tiroirs align\u00e9s, l\u2019un neutre et l\u2019autre r\u00e9frig\u00e9r\u00e9 pour le mod\u00e8le Genesis 120; l\u2019un neutre et les deux autres r\u00e9frig\u00e9r\u00e9s pour le mod\u00e8le 180, amovibles le long de glissi\u00e8res et dot\u00e9s d\u2019un syst\u00e8me de fermeture amortie.<\/p>\n<p>[\/et_pb_c2i_banner_small_sx][\/et_pb_column][\/et_pb_row][\/et_pb_section][et_pb_section fb_built=\u00a0\u00bb1&Prime; _builder_version=\u00a0\u00bb4.16&Prime; custom_margin=\u00a0\u00bb0px||0px||false|false\u00a0\u00bb custom_padding=\u00a0\u00bb0px||0px||false|false\u00a0\u00bb global_colors_info=\u00a0\u00bb{}\u00a0\u00bb][et_pb_row use_custom_gutter=\u00a0\u00bbon\u00a0\u00bb gutter_width=\u00a0\u00bb1&Prime; _builder_version=\u00a0\u00bb4.16&Prime; width=\u00a0\u00bb100%\u00a0\u00bb custom_margin=\u00a0\u00bb0px||0px||false|false\u00a0\u00bb custom_padding=\u00a0\u00bb0px||0px||false|false\u00a0\u00bb global_colors_info=\u00a0\u00bb{}\u00a0\u00bb][et_pb_column type=\u00a0\u00bb4_4&Prime; _builder_version=\u00a0\u00bb4.16&Prime; global_colors_info=\u00a0\u00bb{}\u00a0\u00bb][et_pb_c2i_banner_small titlesection=\u00a0\u00bbAM\u00c9NAGEZ VOTRE ESPACE\u00a0\u00bb title=\u00a0\u00bbMeubles sur mesure\u00a0\u00bb link=\u00a0\u00bbhttps:\/\/www.isaitaly.com\/fr\/ameublement\/realisations\/\u00a0\u00bb src=\u00a0\u00bbhttps:\/\/www.isaitaly.com\/wp-content\/uploads\/2020\/01\/collezioni-progetta-il-tuo-spazio-1.jpg\u00a0\u00bb _builder_version=\u00a0\u00bb4.6.3&Prime; global_colors_info=\u00a0\u00bb{}\u00a0\u00bb]<\/p>\n<p>Le d\u00e9fi quotidien d&rsquo;ISA est de trouver la bonne solution pour toutes les exigences individuelles d&rsquo;am\u00e9nagement. Nous vous offrons le meilleur de la technologie et de l&rsquo;architecture du froid.<\/p>\n<p>[\/et_pb_c2i_banner_small][\/et_pb_column][\/et_pb_row][\/et_pb_section][et_pb_section fb_built=\u00a0\u00bb1&Prime; _builder_version=\u00a0\u00bb4.16&Prime; custom_margin=\u00a0\u00bb0px||0px||false|false\u00a0\u00bb custom_padding=\u00a0\u00bb0px||0px||false|false\u00a0\u00bb global_colors_info=\u00a0\u00bb{}\u00a0\u00bb][et_pb_row use_custom_gutter=\u00a0\u00bbon\u00a0\u00bb gutter_width=\u00a0\u00bb1&Prime; _builder_version=\u00a0\u00bb4.16&Prime; width=\u00a0\u00bb100%\u00a0\u00bb custom_margin=\u00a0\u00bb0px||0px||false|false\u00a0\u00bb custom_padding=\u00a0\u00bb0px||0px||false|false\u00a0\u00bb global_colors_info=\u00a0\u00bb{}\u00a0\u00bb][et_pb_column type=\u00a0\u00bb4_4&Prime; _builder_version=\u00a0\u00bb4.16&Prime; global_colors_info=\u00a0\u00bb{}\u00a0\u00bb][et_pb_c2i_banner_small_sx titlesection=\u00a0\u00bbAM\u00c9NAGEZ VOTRE ESPACE\u00a0\u00bb title=\u00a0\u00bbMeubles sur mesure\u00a0\u00bb src=\u00a0\u00bbhttps:\/\/www.isaitaly.com\/wp-content\/uploads\/2020\/01\/collezioni-format-1.jpg\u00a0\u00bb _builder_version=\u00a0\u00bb4.6.3&Prime; global_colors_info=\u00a0\u00bb{}\u00a0\u00bb]Une solution v\u00e9ritablement sur mesure est une solution qui r\u00e9pond aux besoins du client, m\u00eame les plus particuliers. Nous fonctionnons sur trois niveaux de service distincts:<\/p>\n<p>BASE Fourniture de produits semi-finis et de technologie \u00e0 d&rsquo;autres op\u00e9rateurs qui effectuent le travail.<\/p>\n<p>STANDARD Furnishing du projet limit\u00e9 au mobilier et aux \u00e9l\u00e9ments technologiques.<\/p>\n<p>SERVICE COMPLET Fourniture compl\u00e8te de tout ce qui est inclus dans le projet en termes d&rsquo;\u00e9l\u00e9ments de mobilier, d&rsquo;\u00e9l\u00e9ments technologiques, d&rsquo;accessoires, etc.[\/et_pb_c2i_banner_small_sx][\/et_pb_column][\/et_pb_row][\/et_pb_section][et_pb_section fb_built=\u00a0\u00bb1&Prime; _builder_version=\u00a0\u00bb4.16&Prime; custom_margin=\u00a0\u00bb0px||0px||false|false\u00a0\u00bb custom_padding=\u00a0\u00bb0px||0px||false|false\u00a0\u00bb global_colors_info=\u00a0\u00bb{}\u00a0\u00bb][et_pb_row use_custom_gutter=\u00a0\u00bbon\u00a0\u00bb gutter_width=\u00a0\u00bb1&Prime; _builder_version=\u00a0\u00bb4.16&Prime; width=\u00a0\u00bb100%\u00a0\u00bb custom_margin=\u00a0\u00bb0px||0px||false|false\u00a0\u00bb custom_padding=\u00a0\u00bb0px||0px||false|false\u00a0\u00bb global_colors_info=\u00a0\u00bb{}\u00a0\u00bb][et_pb_column type=\u00a0\u00bb4_4&Prime; _builder_version=\u00a0\u00bb4.16&Prime; global_colors_info=\u00a0\u00bb{}\u00a0\u00bb][et_pb_c2i_banner_small titlesection=\u00a0\u00bbTECHNOLOGIE ABACUS\u00a0\u00bb title=\u00a0\u00bbProduits technologiques semi-finis\u00a0\u00bb link=\u00a0\u00bbhttps:\/\/www.isaitaly.com\/en\/semi-finished\/\u00a0\u00bb src=\u00a0\u00bbhttps:\/\/www.isaitaly.com\/wp-content\/uploads\/2020\/01\/collezioni-semilavorati-abaco-1.jpg\u00a0\u00bb _builder_version=\u00a0\u00bb4.18.0&Prime; global_colors_info=\u00a0\u00bb{}\u00a0\u00bb]<\/p>\n<p>Ce sont les mots cl\u00e9s avec lesquels ISA, avec plus de 50 ans d&rsquo;exp\u00e9rience dans le monde, a d\u00e9velopp\u00e9 ABACO : une marque d\u00e9di\u00e9e \u00e0 la technologie pour l&rsquo;ameublement des \u00e9tablissements publics. Un projet enti\u00e8rement nouveau qui pr\u00e9voit le plus grand soin en termes de finitions, l&rsquo;utilisation de mat\u00e9riaux de haute qualit\u00e9, une attention maximale aux \u00e9conomies d&rsquo;\u00e9nergie et \u00e0 la durabilit\u00e9 avec l&rsquo;utilisation de r\u00e9frig\u00e9rants naturels comme le R290. Une gamme compl\u00e8te qui vous permet de concevoir et de mettre en \u0153uvre toute solution d&rsquo;am\u00e9nagement pour les bars, les glaciers, les p\u00e2tisseries, les boulangeries, les snack-bars et les restaurants en libre-service.<\/p>\n<p>[\/et_pb_c2i_banner_small][\/et_pb_column][\/et_pb_row][\/et_pb_section][et_pb_section fb_built=\u00a0\u00bb1&Prime; _builder_version=\u00a0\u00bb4.16&Prime; custom_margin=\u00a0\u00bb0px||0px||false|false\u00a0\u00bb custom_padding=\u00a0\u00bb0px||0px||false|false\u00a0\u00bb global_colors_info=\u00a0\u00bb{}\u00a0\u00bb][et_pb_row use_custom_gutter=\u00a0\u00bbon\u00a0\u00bb gutter_width=\u00a0\u00bb1&Prime; _builder_version=\u00a0\u00bb4.16&Prime; width=\u00a0\u00bb100%\u00a0\u00bb custom_margin=\u00a0\u00bb0px||0px||false|false\u00a0\u00bb custom_padding=\u00a0\u00bb0px||0px||false|false\u00a0\u00bb global_colors_info=\u00a0\u00bb{}\u00a0\u00bb][et_pb_column type=\u00a0\u00bb4_4&Prime; _builder_version=\u00a0\u00bb4.16&Prime; global_colors_info=\u00a0\u00bb{}\u00a0\u00bb][et_pb_c2i_banner_small titlesection=\u00a0\u00bbSUPPORTO\u00a0\u00bb title=\u00a0\u00bbISA Configurator\u00a0\u00bb link=\u00a0\u00bbhttps:\/\/www.isaitaly.com\/it\/realizzazioni\/\u00a0\u00bb src=\u00a0\u00bbhttps:\/\/www.isaitaly.com\/wp-content\/uploads\/2020\/06\/configuratore-isa.jpg\u00a0\u00bb disabled_on=\u00a0\u00bbon|on|on\u00a0\u00bb _builder_version=\u00a0\u00bb3.29.3&Prime; disabled=\u00a0\u00bbon\u00a0\u00bb global_colors_info=\u00a0\u00bb{}\u00a0\u00bb]<\/p>\n<p>Gestione layout 3D.<br \/>Prezzi sempre aggiornati.<br \/>Preventivi semplici e immediati.<br \/>Ordini in tempo reale.<\/p>\n<p>[\/et_pb_c2i_banner_small][et_pb_c2i_banner_small_sx titlesection=\u00a0\u00bbSUPPORT\u00a0\u00bb title=\u00a0\u00bbConfigurateur ISA\u00a0\u00bb src=\u00a0\u00bbhttps:\/\/www.isaitaly.com\/wp-content\/uploads\/2020\/06\/configuratore-isa.jpg\u00a0\u00bb _builder_version=\u00a0\u00bb4.6.3&Prime; global_colors_info=\u00a0\u00bb{}\u00a0\u00bb]<\/p>\n<ul>\n<li>Gestion de la mise en page 3D<\/li>\n<li>Des prix toujours actualis\u00e9s<\/li>\n<li>Devis simples et imm\u00e9diats<\/li>\n<li>Commandes en temps r\u00e9el<\/li>\n<\/ul>\n<p>[\/et_pb_c2i_banner_small_sx][\/et_pb_column][\/et_pb_row][\/et_pb_section][et_pb_section fb_built=\u00a0\u00bb1&Prime; _builder_version=\u00a0\u00bb4.16&Prime; background_color=\u00a0\u00bb#F6F6F6&Prime; custom_margin=\u00a0\u00bb0px||0px||false|false\u00a0\u00bb custom_padding=\u00a0\u00bb0px||0px||false|false\u00a0\u00bb global_colors_info=\u00a0\u00bb{}\u00a0\u00bb][et_pb_row _builder_version=\u00a0\u00bb4.16&Prime; global_colors_info=\u00a0\u00bb{}\u00a0\u00bb][et_pb_column type=\u00a0\u00bb4_4&Prime; _builder_version=\u00a0\u00bb4.16&Prime; global_colors_info=\u00a0\u00bb{}\u00a0\u00bb][et_pb_c2i_titolo_pagina title=\u00a0\u00bbR\u00e9alisations\u00a0\u00bb link=\u00a0\u00bb\/fr\/ameublement\/realisations\/\u00a0\u00bb admin_label=\u00a0\u00bbC2I Titolo Pagina\u00a0\u00bb _builder_version=\u00a0\u00bb4.6.3&Prime; global_colors_info=\u00a0\u00bb{}\u00a0\u00bb][\/et_pb_c2i_titolo_pagina][et_pb_c2i_arredamenti numeroitems=\u00a0\u00bb3&Prime; admin_label=\u00a0\u00bbC2I Arredamenti\u00a0\u00bb _builder_version=\u00a0\u00bb3.29.3&Prime; global_colors_info=\u00a0\u00bb{}\u00a0\u00bb][\/et_pb_c2i_arredamenti][et_pb_button button_url=\u00a0\u00bbhttps:\/\/www.isaitaly.com\/wp-content\/uploads\/2020\/06\/ISA-Arredamento-Catalogo-PA.pdf\u00a0\u00bb url_new_window=\u00a0\u00bbon\u00a0\u00bb button_text=\u00a0\u00bbPour en savoir plus\u00a0\u00bb button_alignment=\u00a0\u00bbcenter\u00a0\u00bb disabled_on=\u00a0\u00bbon|on|on\u00a0\u00bb admin_label=\u00a0\u00bbPulsante\u00a0\u00bb _builder_version=\u00a0\u00bb4.16&Prime; background_layout=\u00a0\u00bbdark\u00a0\u00bb custom_margin=\u00a0\u00bb15px|30px|15px|30px|false|false\u00a0\u00bb custom_padding=\u00a0\u00bb15px|30px|15px|30px|false|false\u00a0\u00bb disabled=\u00a0\u00bbon\u00a0\u00bb global_colors_info=\u00a0\u00bb{}\u00a0\u00bb][\/et_pb_button][\/et_pb_column][\/et_pb_row][et_pb_row _builder_version=\u00a0\u00bb4.16&Prime; global_colors_info=\u00a0\u00bb{}\u00a0\u00bb][et_pb_column type=\u00a0\u00bb4_4&Prime; _builder_version=\u00a0\u00bb4.16&Prime; global_colors_info=\u00a0\u00bb{}\u00a0\u00bb][\/et_pb_column][\/et_pb_row][\/et_pb_section]<\/p>\n","protected":false},"excerpt":{"rendered":"<p>[et_pb_c2i_sub_menu _builder_version=\u00a0\u00bb4.21.2&Prime; global_colors_info=\u00a0\u00bb{}\u00a0\u00bb][\/et_pb_c2i_sub_menu][et_pb_c2i_slider admin_label=\u00a0\u00bbC2I Slider\u00a0\u00bb _builder_version=\u00a0\u00bb4.21.2&Prime; header_font=\u00a0\u00bbRoboto||||||||\u00a0\u00bb header_text_align=\u00a0\u00bbcenter\u00a0\u00bb button_alignment=\u00a0\u00bbleft\u00a0\u00bb hover_enabled=\u00a0\u00bb0&Prime; header_font_size_tablet=\u00a0\u00bb51&Prime; header_line_height_tablet=\u00a0\u00bb2&Prime; body_font_size_tablet=\u00a0\u00bb51&Prime; body_line_height_tablet=\u00a0\u00bb2&Prime; button_text_size_tablet=\u00a0\u00bb\u00a0\u00bb button_text_size_phone=\u00a0\u00bb\u00a0\u00bb button_text_size_last_edited=\u00a0\u00bbon|\u00a0\u00bb z_index_tablet=\u00a0\u00bb500&Prime; global_colors_info=\u00a0\u00bb{}\u00a0\u00bb sticky_enabled=\u00a0\u00bb0&Prime;][\/et_pb_c2i_slider][et_pb_c2i_titolo_pagina pretitle=\u00a0\u00bbSOLUTIONS D&rsquo;AMEUBLEMENT\u00a0\u00bb title=\u00a0\u00bbCollections\u00a0\u00bb admin_label=\u00a0\u00bbC2I Titolo Pagina\u00a0\u00bb _builder_version=\u00a0\u00bb4.6.3&Prime; global_colors_info=\u00a0\u00bb{}\u00a0\u00bb][\/et_pb_c2i_titolo_pagina]D\u00e9couvrez les solutions originales d&rsquo;ameublement et de design qu&rsquo;ISA propose pour votre lieu. Meubles de bar avec des solutions \u00e9tudi\u00e9es par les meilleurs designs italiens pour les grands [&hellip;]<\/p>\n","protected":false},"author":2,"featured_media":0,"parent":0,"menu_order":44,"comment_status":"closed","ping_status":"closed","template":"","meta":{"_et_pb_use_builder":"on","_et_pb_old_content":"","_et_gb_content_width":"","footnotes":""},"alberomarket":[],"class_list":["post-67612","page","type-page","status-publish","hentry"],"acf":[],"yoast_head":"<!-- This site is optimized with the Yoast SEO plugin v26.8 - https:\/\/yoast.com\/product\/yoast-seo-wordpress\/ -->\n<title>Ameublement de bar : solutions personnalis\u00e9es | ISA<\/title>\n<meta name=\"description\" content=\"Ameublement de bar et de p\u00e2tisserie, conception et ameublement sur mesure, mobilier modulaire : r\u00e9alisez votre projet avec ISA.\" \/>\n<meta name=\"robots\" content=\"index, follow, max-snippet:-1, max-image-preview:large, max-video-preview:-1\" \/>\n<link rel=\"canonical\" href=\"https:\/\/www.isaitaly.com\/fr\/ameublement\/\" \/>\n<meta property=\"og:locale\" content=\"fr_FR\" \/>\n<meta property=\"og:type\" content=\"article\" \/>\n<meta property=\"og:title\" content=\"Ameublement de bar : solutions personnalis\u00e9es | ISA\" \/>\n<meta property=\"og:description\" content=\"Ameublement de bar et de p\u00e2tisserie, conception et ameublement sur mesure, mobilier modulaire : r\u00e9alisez votre projet avec ISA.\" \/>\n<meta property=\"og:url\" content=\"https:\/\/www.isaitaly.com\/fr\/ameublement\/\" \/>\n<meta property=\"og:site_name\" content=\"ISA\" \/>\n<meta property=\"article:modified_time\" content=\"2025-01-15T11:26:41+00:00\" \/>\n<meta name=\"twitter:card\" content=\"summary_large_image\" \/>\n<meta name=\"twitter:label1\" content=\"Dur\u00e9e de lecture estim\u00e9e\" \/>\n\t<meta name=\"twitter:data1\" content=\"7 minutes\" \/>\n<script type=\"application\/ld+json\" class=\"yoast-schema-graph\">{\"@context\":\"https:\/\/schema.org\",\"@graph\":[{\"@type\":\"WebPage\",\"@id\":\"https:\/\/www.isaitaly.com\/fr\/ameublement\/\",\"url\":\"https:\/\/www.isaitaly.com\/fr\/ameublement\/\",\"name\":\"Ameublement de bar : solutions personnalis\u00e9es | ISA\",\"isPartOf\":{\"@id\":\"https:\/\/www.isaitaly.com\/it\/#website\"},\"datePublished\":\"2020-01-08T09:22:59+00:00\",\"dateModified\":\"2025-01-15T11:26:41+00:00\",\"description\":\"Ameublement de bar et de p\u00e2tisserie, conception et ameublement sur mesure, mobilier modulaire : r\u00e9alisez votre projet avec ISA.\",\"breadcrumb\":{\"@id\":\"https:\/\/www.isaitaly.com\/fr\/ameublement\/#breadcrumb\"},\"inLanguage\":\"fr-FR\",\"potentialAction\":[{\"@type\":\"ReadAction\",\"target\":[\"https:\/\/www.isaitaly.com\/fr\/ameublement\/\"]}]},{\"@type\":\"BreadcrumbList\",\"@id\":\"https:\/\/www.isaitaly.com\/fr\/ameublement\/#breadcrumb\",\"itemListElement\":[{\"@type\":\"ListItem\",\"position\":1,\"name\":\"Home\",\"item\":\"https:\/\/www.isaitaly.com\/fr\/\"},{\"@type\":\"ListItem\",\"position\":2,\"name\":\"Ameublement\"}]},{\"@type\":\"WebSite\",\"@id\":\"https:\/\/www.isaitaly.com\/it\/#website\",\"url\":\"https:\/\/www.isaitaly.com\/it\/\",\"name\":\"ISA\",\"description\":\"\",\"potentialAction\":[{\"@type\":\"SearchAction\",\"target\":{\"@type\":\"EntryPoint\",\"urlTemplate\":\"https:\/\/www.isaitaly.com\/it\/?s={search_term_string}\"},\"query-input\":{\"@type\":\"PropertyValueSpecification\",\"valueRequired\":true,\"valueName\":\"search_term_string\"}}],\"inLanguage\":\"fr-FR\"}]}<\/script>\n<!-- \/ Yoast SEO plugin. -->","yoast_head_json":{"title":"Ameublement de bar : solutions personnalis\u00e9es | ISA","description":"Ameublement de bar et de p\u00e2tisserie, conception et ameublement sur mesure, mobilier modulaire : r\u00e9alisez votre projet avec ISA.","robots":{"index":"index","follow":"follow","max-snippet":"max-snippet:-1","max-image-preview":"max-image-preview:large","max-video-preview":"max-video-preview:-1"},"canonical":"https:\/\/www.isaitaly.com\/fr\/ameublement\/","og_locale":"fr_FR","og_type":"article","og_title":"Ameublement de bar : solutions personnalis\u00e9es | ISA","og_description":"Ameublement de bar et de p\u00e2tisserie, conception et ameublement sur mesure, mobilier modulaire : r\u00e9alisez votre projet avec ISA.","og_url":"https:\/\/www.isaitaly.com\/fr\/ameublement\/","og_site_name":"ISA","article_modified_time":"2025-01-15T11:26:41+00:00","twitter_card":"summary_large_image","twitter_misc":{"Dur\u00e9e de lecture estim\u00e9e":"7 minutes"},"schema":{"@context":"https:\/\/schema.org","@graph":[{"@type":"WebPage","@id":"https:\/\/www.isaitaly.com\/fr\/ameublement\/","url":"https:\/\/www.isaitaly.com\/fr\/ameublement\/","name":"Ameublement de bar : solutions personnalis\u00e9es | ISA","isPartOf":{"@id":"https:\/\/www.isaitaly.com\/it\/#website"},"datePublished":"2020-01-08T09:22:59+00:00","dateModified":"2025-01-15T11:26:41+00:00","description":"Ameublement de bar et de p\u00e2tisserie, conception et ameublement sur mesure, mobilier modulaire : r\u00e9alisez votre projet avec ISA.","breadcrumb":{"@id":"https:\/\/www.isaitaly.com\/fr\/ameublement\/#breadcrumb"},"inLanguage":"fr-FR","potentialAction":[{"@type":"ReadAction","target":["https:\/\/www.isaitaly.com\/fr\/ameublement\/"]}]},{"@type":"BreadcrumbList","@id":"https:\/\/www.isaitaly.com\/fr\/ameublement\/#breadcrumb","itemListElement":[{"@type":"ListItem","position":1,"name":"Home","item":"https:\/\/www.isaitaly.com\/fr\/"},{"@type":"ListItem","position":2,"name":"Ameublement"}]},{"@type":"WebSite","@id":"https:\/\/www.isaitaly.com\/it\/#website","url":"https:\/\/www.isaitaly.com\/it\/","name":"ISA","description":"","potentialAction":[{"@type":"SearchAction","target":{"@type":"EntryPoint","urlTemplate":"https:\/\/www.isaitaly.com\/it\/?s={search_term_string}"},"query-input":{"@type":"PropertyValueSpecification","valueRequired":true,"valueName":"search_term_string"}}],"inLanguage":"fr-FR"}]}},"_links":{"self":[{"href":"https:\/\/www.isaitaly.com\/fr\/wp-json\/wp\/v2\/pages\/67612","targetHints":{"allow":["GET"]}}],"collection":[{"href":"https:\/\/www.isaitaly.com\/fr\/wp-json\/wp\/v2\/pages"}],"about":[{"href":"https:\/\/www.isaitaly.com\/fr\/wp-json\/wp\/v2\/types\/page"}],"author":[{"embeddable":true,"href":"https:\/\/www.isaitaly.com\/fr\/wp-json\/wp\/v2\/users\/2"}],"replies":[{"embeddable":true,"href":"https:\/\/www.isaitaly.com\/fr\/wp-json\/wp\/v2\/comments?post=67612"}],"version-history":[{"count":18,"href":"https:\/\/www.isaitaly.com\/fr\/wp-json\/wp\/v2\/pages\/67612\/revisions"}],"predecessor-version":[{"id":123734,"href":"https:\/\/www.isaitaly.com\/fr\/wp-json\/wp\/v2\/pages\/67612\/revisions\/123734"}],"wp:attachment":[{"href":"https:\/\/www.isaitaly.com\/fr\/wp-json\/wp\/v2\/media?parent=67612"}],"wp:term":[{"taxonomy":"alberomarket","embeddable":true,"href":"https:\/\/www.isaitaly.com\/fr\/wp-json\/wp\/v2\/alberomarket?post=67612"}],"curies":[{"name":"wp","href":"https:\/\/api.w.org\/{rel}","templated":true}]}}