{"id":68121,"date":"2021-12-01T03:46:03","date_gmt":"2021-12-01T02:46:03","guid":{"rendered":"https:\/\/www.isaitaly.com\/?page_id=68121"},"modified":"2022-06-08T10:18:06","modified_gmt":"2022-06-08T08:18:06","slug":"steckerfertig","status":"publish","type":"page","link":"https:\/\/www.isaitaly.com\/de\/supermarkt-kuehltheken\/steckerfertig\/","title":{"rendered":"Steckerfertig"},"content":{"rendered":"<p>[et_pb_section fb_built=&#8220;1&#8243; module_id=&#8220;c2i-sub-menu-prodotti&#8220; _builder_version=&#8220;3.22&#8243;][et_pb_row use_custom_gutter=&#8220;on&#8220; gutter_width=&#8220;1&#8243; make_equal=&#8220;on&#8220; custom_padding_last_edited=&#8220;on|&#8220; module_class=&#8220;template-tit-master et_pb_row_fullwidth&#8220; _builder_version=&#8220;3.25&#8243; width=&#8220;100%&#8220; width_tablet=&#8220;100%&#8220; width_phone=&#8220;&#8220; width_last_edited=&#8220;on|desktop&#8220; max_width=&#8220;100%&#8220; max_width_tablet=&#8220;100%&#8220; max_width_phone=&#8220;&#8220; max_width_last_edited=&#8220;on|desktop&#8220; custom_padding=&#8220;0px||0px|&#8220; custom_padding_tablet=&#8220;&#8220; custom_padding_phone=&#8220;&#8220; make_fullwidth=&#8220;on&#8220; custom_width_px=&#8220;980px&#8220;][et_pb_column type=&#8220;4_4&#8243; _builder_version=&#8220;3.25&#8243; custom_padding=&#8220;|||&#8220; custom_padding__hover=&#8220;|||&#8220;][et_pb_c2i_sub_menu _builder_version=&#8220;3.14&#8243;][\/et_pb_c2i_sub_menu][\/et_pb_column][\/et_pb_row][\/et_pb_section][et_pb_section fb_built=&#8220;1&#8243; _builder_version=&#8220;3.22&#8243; custom_margin=&#8220;0px||0px|&#8220; custom_padding=&#8220;0px||0px|&#8220; custom_css_main_element=&#8220;z-index: 9999;&#8220;][et_pb_row use_custom_gutter=&#8220;on&#8220; module_class=&#8220; et_pb_row_fullwidth&#8220; _builder_version=&#8220;3.25&#8243; width=&#8220;94%&#8220; width_tablet=&#8220;80%&#8220; width_phone=&#8220;&#8220; width_last_edited=&#8220;on|desktop&#8220; max_width=&#8220;94%&#8220; max_width_tablet=&#8220;80%&#8220; max_width_phone=&#8220;&#8220; max_width_last_edited=&#8220;on|desktop&#8220; custom_margin=&#8220;0px||0px|&#8220; custom_padding=&#8220;0px||0px|&#8220; make_fullwidth=&#8220;on&#8220;][et_pb_column type=&#8220;4_4&#8243; _builder_version=&#8220;3.25&#8243; custom_padding=&#8220;|||&#8220; custom_padding__hover=&#8220;|||&#8220;][et_pb_c2i_selettore_v2 _builder_version=&#8220;3.14&#8243;][\/et_pb_c2i_selettore_v2][\/et_pb_column][\/et_pb_row][\/et_pb_section][et_pb_section fb_built=&#8220;1&#8243; _builder_version=&#8220;3.22&#8243;][et_pb_row make_equal=&#8220;on&#8220; custom_padding_last_edited=&#8220;on|&#8220; module_class=&#8220;template-tit-master&#8220; _builder_version=&#8220;3.25&#8243; max_width=&#8220;980px&#8220; custom_padding=&#8220;30px||30px|&#8220; custom_padding_tablet=&#8220;&#8220; custom_padding_phone=&#8220;&#8220; use_custom_width=&#8220;on&#8220; custom_width_px=&#8220;980px&#8220;][et_pb_column type=&#8220;4_4&#8243; _builder_version=&#8220;3.25&#8243; custom_padding=&#8220;|||&#8220; custom_padding__hover=&#8220;|||&#8220;][et_pb_c2i_breadcrumbs _builder_version=&#8220;3.14&#8243;][\/et_pb_c2i_breadcrumbs][et_pb_c2i_instestazione_pagina title=&#8220;Steckerfertig&#8220; _builder_version=&#8220;4.6.3&#8243;][\/et_pb_c2i_instestazione_pagina][\/et_pb_column][\/et_pb_row][\/et_pb_section][et_pb_section fb_built=&#8220;1&#8243; _builder_version=&#8220;3.22&#8243; background_color=&#8220;#f6f6f6&#8243; locked=&#8220;off&#8220;][et_pb_row make_equal=&#8220;on&#8220; custom_padding_last_edited=&#8220;on|&#8220; module_class=&#8220; et_pb_row_fullwidth&#8220; _builder_version=&#8220;3.25&#8243; width=&#8220;94%&#8220; width_tablet=&#8220;80%&#8220; width_phone=&#8220;&#8220; width_last_edited=&#8220;on|desktop&#8220; max_width=&#8220;94%&#8220; max_width_tablet=&#8220;80%&#8220; max_width_phone=&#8220;&#8220; max_width_last_edited=&#8220;on|desktop&#8220; custom_padding=&#8220;30px||0px|&#8220; custom_padding_tablet=&#8220;&#8220; custom_padding_phone=&#8220;&#8220; make_fullwidth=&#8220;on&#8220;][et_pb_column type=&#8220;4_4&#8243; _builder_version=&#8220;3.25&#8243; custom_padding=&#8220;|||&#8220; custom_padding__hover=&#8220;|||&#8220;][et_pb_c2i_albero_market_categorie _builder_version=&#8220;4.6.3&#8243; _module_preset=&#8220;default&#8220;][\/et_pb_c2i_albero_market_categorie][\/et_pb_column][\/et_pb_row][\/et_pb_section]<\/p>\n","protected":false},"excerpt":{"rendered":"<p>[et_pb_c2i_sub_menu _builder_version=&#8220;3.14&#8243;][\/et_pb_c2i_sub_menu][et_pb_c2i_selettore_v2 _builder_version=&#8220;3.14&#8243;][\/et_pb_c2i_selettore_v2][et_pb_c2i_breadcrumbs _builder_version=&#8220;3.14&#8243;][\/et_pb_c2i_breadcrumbs][et_pb_c2i_instestazione_pagina title=&#8220;Steckerfertig&#8220; _builder_version=&#8220;4.6.3&#8243;][\/et_pb_c2i_instestazione_pagina][et_pb_c2i_albero_market_categorie _builder_version=&#8220;4.6.3&#8243; _module_preset=&#8220;default&#8220;][\/et_pb_c2i_albero_market_categorie]<\/p>\n","protected":false},"author":2,"featured_media":0,"parent":62108,"menu_order":188,"comment_status":"closed","ping_status":"closed","template":"","meta":{"_et_pb_use_builder":"on","_et_pb_old_content":"","_et_gb_content_width":"","footnotes":""},"alberomarket":[1076],"class_list":["post-68121","page","type-page","status-publish","hentry","alberomarket-steckerfertig"],"acf":[],"yoast_head":"<!-- This site is optimized with the Yoast SEO plugin v26.8 - https:\/\/yoast.com\/product\/yoast-seo-wordpress\/ -->\n<title>Steckerfertig | ISA<\/title>\n<meta name=\"description\" content=\"Steckbare K\u00fchltheken und Lebensmitteldisplays: W\u00e4hlen Sie Ihre K\u00fchltheke f\u00fcr Lebensmittel, Gastronomie und Metzgerei aus dem Sortiment von ISA SpA.\" \/>\n<meta name=\"robots\" content=\"index, follow, max-snippet:-1, max-image-preview:large, max-video-preview:-1\" \/>\n<link rel=\"canonical\" href=\"https:\/\/www.isaitaly.com\/de\/supermarkt-kuehltheken\/steckerfertig\/\" \/>\n<meta property=\"og:locale\" content=\"de_DE\" \/>\n<meta property=\"og:type\" content=\"article\" \/>\n<meta property=\"og:title\" content=\"Steckerfertig | ISA\" \/>\n<meta property=\"og:description\" content=\"Steckbare K\u00fchltheken und Lebensmitteldisplays: W\u00e4hlen Sie Ihre K\u00fchltheke f\u00fcr Lebensmittel, Gastronomie und Metzgerei aus dem Sortiment von ISA SpA.\" \/>\n<meta property=\"og:url\" content=\"https:\/\/www.isaitaly.com\/de\/supermarkt-kuehltheken\/steckerfertig\/\" \/>\n<meta property=\"og:site_name\" content=\"ISA\" \/>\n<meta property=\"article:modified_time\" content=\"2022-06-08T08:18:06+00:00\" \/>\n<meta name=\"twitter:card\" content=\"summary_large_image\" \/>\n<meta name=\"twitter:label1\" content=\"Gesch\u00e4tzte Lesezeit\" \/>\n\t<meta name=\"twitter:data1\" content=\"2\u00a0Minuten\" \/>\n<script type=\"application\/ld+json\" class=\"yoast-schema-graph\">{\"@context\":\"https:\/\/schema.org\",\"@graph\":[{\"@type\":\"WebPage\",\"@id\":\"https:\/\/www.isaitaly.com\/de\/supermarkt-kuehltheken\/steckerfertig\/\",\"url\":\"https:\/\/www.isaitaly.com\/de\/supermarkt-kuehltheken\/steckerfertig\/\",\"name\":\"Steckerfertig | ISA\",\"isPartOf\":{\"@id\":\"https:\/\/www.isaitaly.com\/it\/#website\"},\"datePublished\":\"2021-12-01T02:46:03+00:00\",\"dateModified\":\"2022-06-08T08:18:06+00:00\",\"description\":\"Steckbare K\u00fchltheken und Lebensmitteldisplays: W\u00e4hlen Sie Ihre K\u00fchltheke f\u00fcr Lebensmittel, Gastronomie und Metzgerei aus dem Sortiment von ISA SpA.\",\"breadcrumb\":{\"@id\":\"https:\/\/www.isaitaly.com\/de\/supermarkt-kuehltheken\/steckerfertig\/#breadcrumb\"},\"inLanguage\":\"de\",\"potentialAction\":[{\"@type\":\"ReadAction\",\"target\":[\"https:\/\/www.isaitaly.com\/de\/supermarkt-kuehltheken\/steckerfertig\/\"]}]},{\"@type\":\"BreadcrumbList\",\"@id\":\"https:\/\/www.isaitaly.com\/de\/supermarkt-kuehltheken\/steckerfertig\/#breadcrumb\",\"itemListElement\":[{\"@type\":\"ListItem\",\"position\":1,\"name\":\"Home\",\"item\":\"https:\/\/www.isaitaly.com\/it\/\"},{\"@type\":\"ListItem\",\"position\":2,\"name\":\"Market\",\"item\":\"https:\/\/www.isaitaly.com\/de\/supermarkt-kuehltheken\/\"},{\"@type\":\"ListItem\",\"position\":3,\"name\":\"Steckerfertig\"}]},{\"@type\":\"WebSite\",\"@id\":\"https:\/\/www.isaitaly.com\/it\/#website\",\"url\":\"https:\/\/www.isaitaly.com\/it\/\",\"name\":\"ISA\",\"description\":\"\",\"potentialAction\":[{\"@type\":\"SearchAction\",\"target\":{\"@type\":\"EntryPoint\",\"urlTemplate\":\"https:\/\/www.isaitaly.com\/it\/?s={search_term_string}\"},\"query-input\":{\"@type\":\"PropertyValueSpecification\",\"valueRequired\":true,\"valueName\":\"search_term_string\"}}],\"inLanguage\":\"de\"}]}<\/script>\n<!-- \/ Yoast SEO plugin. -->","yoast_head_json":{"title":"Steckerfertig | ISA","description":"Steckbare K\u00fchltheken und Lebensmitteldisplays: W\u00e4hlen Sie Ihre K\u00fchltheke f\u00fcr Lebensmittel, Gastronomie und Metzgerei aus dem Sortiment von ISA SpA.","robots":{"index":"index","follow":"follow","max-snippet":"max-snippet:-1","max-image-preview":"max-image-preview:large","max-video-preview":"max-video-preview:-1"},"canonical":"https:\/\/www.isaitaly.com\/de\/supermarkt-kuehltheken\/steckerfertig\/","og_locale":"de_DE","og_type":"article","og_title":"Steckerfertig | ISA","og_description":"Steckbare K\u00fchltheken und Lebensmitteldisplays: W\u00e4hlen Sie Ihre K\u00fchltheke f\u00fcr Lebensmittel, Gastronomie und Metzgerei aus dem Sortiment von ISA SpA.","og_url":"https:\/\/www.isaitaly.com\/de\/supermarkt-kuehltheken\/steckerfertig\/","og_site_name":"ISA","article_modified_time":"2022-06-08T08:18:06+00:00","twitter_card":"summary_large_image","twitter_misc":{"Gesch\u00e4tzte Lesezeit":"2\u00a0Minuten"},"schema":{"@context":"https:\/\/schema.org","@graph":[{"@type":"WebPage","@id":"https:\/\/www.isaitaly.com\/de\/supermarkt-kuehltheken\/steckerfertig\/","url":"https:\/\/www.isaitaly.com\/de\/supermarkt-kuehltheken\/steckerfertig\/","name":"Steckerfertig | ISA","isPartOf":{"@id":"https:\/\/www.isaitaly.com\/it\/#website"},"datePublished":"2021-12-01T02:46:03+00:00","dateModified":"2022-06-08T08:18:06+00:00","description":"Steckbare K\u00fchltheken und Lebensmitteldisplays: W\u00e4hlen Sie Ihre K\u00fchltheke f\u00fcr Lebensmittel, Gastronomie und Metzgerei aus dem Sortiment von ISA SpA.","breadcrumb":{"@id":"https:\/\/www.isaitaly.com\/de\/supermarkt-kuehltheken\/steckerfertig\/#breadcrumb"},"inLanguage":"de","potentialAction":[{"@type":"ReadAction","target":["https:\/\/www.isaitaly.com\/de\/supermarkt-kuehltheken\/steckerfertig\/"]}]},{"@type":"BreadcrumbList","@id":"https:\/\/www.isaitaly.com\/de\/supermarkt-kuehltheken\/steckerfertig\/#breadcrumb","itemListElement":[{"@type":"ListItem","position":1,"name":"Home","item":"https:\/\/www.isaitaly.com\/it\/"},{"@type":"ListItem","position":2,"name":"Market","item":"https:\/\/www.isaitaly.com\/de\/supermarkt-kuehltheken\/"},{"@type":"ListItem","position":3,"name":"Steckerfertig"}]},{"@type":"WebSite","@id":"https:\/\/www.isaitaly.com\/it\/#website","url":"https:\/\/www.isaitaly.com\/it\/","name":"ISA","description":"","potentialAction":[{"@type":"SearchAction","target":{"@type":"EntryPoint","urlTemplate":"https:\/\/www.isaitaly.com\/it\/?s={search_term_string}"},"query-input":{"@type":"PropertyValueSpecification","valueRequired":true,"valueName":"search_term_string"}}],"inLanguage":"de"}]}},"_links":{"self":[{"href":"https:\/\/www.isaitaly.com\/de\/wp-json\/wp\/v2\/pages\/68121","targetHints":{"allow":["GET"]}}],"collection":[{"href":"https:\/\/www.isaitaly.com\/de\/wp-json\/wp\/v2\/pages"}],"about":[{"href":"https:\/\/www.isaitaly.com\/de\/wp-json\/wp\/v2\/types\/page"}],"author":[{"embeddable":true,"href":"https:\/\/www.isaitaly.com\/de\/wp-json\/wp\/v2\/users\/2"}],"replies":[{"embeddable":true,"href":"https:\/\/www.isaitaly.com\/de\/wp-json\/wp\/v2\/comments?post=68121"}],"version-history":[{"count":7,"href":"https:\/\/www.isaitaly.com\/de\/wp-json\/wp\/v2\/pages\/68121\/revisions"}],"predecessor-version":[{"id":68138,"href":"https:\/\/www.isaitaly.com\/de\/wp-json\/wp\/v2\/pages\/68121\/revisions\/68138"}],"up":[{"embeddable":true,"href":"https:\/\/www.isaitaly.com\/de\/wp-json\/wp\/v2\/pages\/62108"}],"wp:attachment":[{"href":"https:\/\/www.isaitaly.com\/de\/wp-json\/wp\/v2\/media?parent=68121"}],"wp:term":[{"taxonomy":"alberomarket","embeddable":true,"href":"https:\/\/www.isaitaly.com\/de\/wp-json\/wp\/v2\/alberomarket?post=68121"}],"curies":[{"name":"wp","href":"https:\/\/api.w.org\/{rel}","templated":true}]}}