{"id":62736,"date":"2018-11-08T10:23:08","date_gmt":"2018-11-08T09:23:08","guid":{"rendered":"https:\/\/www.isaitaly.com\/lavora-con-noi\/"},"modified":"2023-08-23T11:58:40","modified_gmt":"2023-08-23T09:58:40","slug":"arbeite-mit-uns","status":"publish","type":"page","link":"https:\/\/www.isaitaly.com\/de\/arbeite-mit-uns\/","title":{"rendered":"Arbeite mit uns"},"content":{"rendered":"<p>[et_pb_section fb_built=&#8220;1&#8243; fullwidth=&#8220;on&#8220; _builder_version=&#8220;4.16&#8243; global_colors_info=&#8220;{}&#8220;][et_pb_fullwidth_image src=&#8220;https:\/\/www.isaitaly.com\/wp-content\/uploads\/2019\/05\/lavora-con-noi-1-2.jpg&#8220; _builder_version=&#8220;4.16&#8243; z_index_tablet=&#8220;500&#8243; global_colors_info=&#8220;{}&#8220;][\/et_pb_fullwidth_image][\/et_pb_section][et_pb_section fb_built=&#8220;1&#8243; admin_label=&#8220;Sezione&#8220; _builder_version=&#8220;4.16&#8243; locked=&#8220;off&#8220; global_colors_info=&#8220;{}&#8220;][et_pb_row _builder_version=&#8220;4.16&#8243; custom_padding=&#8220;||0px||false|false&#8220; global_colors_info=&#8220;{}&#8220;][et_pb_column type=&#8220;4_4&#8243; _builder_version=&#8220;4.16&#8243; global_colors_info=&#8220;{}&#8220;][et_pb_c2i_breadcrumbs _builder_version=&#8220;3.29.3&#8243; global_colors_info=&#8220;{}&#8220;][\/et_pb_c2i_breadcrumbs][\/et_pb_column][\/et_pb_row][\/et_pb_section][et_pb_section fb_built=&#8220;1&#8243; _builder_version=&#8220;4.16&#8243; global_colors_info=&#8220;{}&#8220;][et_pb_row _builder_version=&#8220;4.16&#8243; z_index_tablet=&#8220;500&#8243; use_custom_width=&#8220;on&#8220; global_colors_info=&#8220;{}&#8220;][et_pb_column type=&#8220;4_4&#8243; _builder_version=&#8220;4.16&#8243; custom_padding=&#8220;|||&#8220; global_colors_info=&#8220;{}&#8220; custom_padding__hover=&#8220;|||&#8220;][et_pb_text _builder_version=&#8220;4.16&#8243; text_font=&#8220;Roboto Light||||&#8220; text_text_color=&#8220;#666666&#8243; text_line_height=&#8220;1.6em&#8220; header_font=&#8220;Roboto Light||||&#8220; header_text_align=&#8220;center&#8220; header_font_size=&#8220;40px&#8220; header_letter_spacing=&#8220;1px&#8220; text_orientation=&#8220;center&#8220; module_alignment=&#8220;center&#8220; custom_margin=&#8220;|50px||50px&#8220; z_index_tablet=&#8220;500&#8243; border_style=&#8220;solid&#8220; global_colors_info=&#8220;{}&#8220;]<\/p>\n<h1 class=\"weight-light\" style=\"text-align: center;\"><span style=\"color: #5aa1d8;\">Arbeite mit uns<br \/>\n<\/span><span style=\"color: #5aa1d8;\">So bewerben Sie sich<\/span><\/h1>\n<div class=\"weight-light\">\n<p style=\"text-align: center;\">Sie k\u00f6nnen sich initiativ bewerben, indem Sie unser Bewerbungsformular ausf\u00fcllen und Ihren Lebenslauf beif\u00fcgen. Alternativ k\u00f6nnen Sie sich auf eine unserer offenen Stellen, falls vorhanden, bewerben, indem Sie unser Bewerbungsformular ausf\u00fcllen und die gew\u00fcnschte Stelle im Feld &#8222;Bewerbung&#8220; ausw\u00e4hlen.<\/p>\n<p style=\"text-align: center;\">Entspricht das Profil den offenen Stellen, werden wir den Kandidaten erneut f\u00fcr ein ausf\u00fchrliches Gespr\u00e4ch kontaktieren. Andernfalls wird keine weitere Kommunikation gesendet. Der Lebenslauf wird in jedem Fall in der Recruiting-Datenbank archiviert und bei einer zuk\u00fcnftigen Personalauswahl ber\u00fccksichtigt.<\/p>\n<\/div>\n<p>[\/et_pb_text][\/et_pb_column][\/et_pb_row][et_pb_row column_structure=&#8220;1_2,1_2&#8243; use_custom_gutter=&#8220;on&#8220; gutter_width=&#8220;1&#8243; disabled_on=&#8220;on|on|on&#8220; _builder_version=&#8220;4.16&#8243; use_custom_width=&#8220;on&#8220; disabled=&#8220;on&#8220; global_colors_info=&#8220;{}&#8220;][et_pb_column type=&#8220;1_2&#8243; _builder_version=&#8220;4.16&#8243; custom_padding=&#8220;|25px||&#8220; custom_padding_tablet=&#8220;&#8220; custom_padding_phone=&#8220;|15px||15px&#8220; custom_padding_last_edited=&#8220;on|phone&#8220; global_colors_info=&#8220;{}&#8220; custom_padding__hover=&#8220;|||&#8220;][et_pb_text _builder_version=&#8220;4.16&#8243; global_colors_info=&#8220;{}&#8220;]<\/p>\n<h2 class=\"weight-light\" style=\"text-align: left;\"><span style=\"color: #5aa1d8;\">Offene Positionen<\/span><\/h2>\n<p>Derzeit gibt es keine offenen Stellen. Sie k\u00f6nnen sich selbst bewerben und Ihren Lebenslauf senden, indem Sie das Formular rechts ausf\u00fcllen. Personenbezogene Daten werden in \u00dcbereinstimmung mit den Bestimmungen zum Datenschutz verarbeitet.<\/p>\n<p>[\/et_pb_text][et_pb_c2i_cv_offerte disabled_on=&#8220;on|on|on&#8220; _builder_version=&#8220;3.14&#8243; disabled=&#8220;on&#8220; global_colors_info=&#8220;{}&#8220;][\/et_pb_c2i_cv_offerte][\/et_pb_column][et_pb_column type=&#8220;1_2&#8243; _builder_version=&#8220;4.16&#8243; background_color=&#8220;#f0f0f0&#8243; custom_padding=&#8220;|||&#8220; global_colors_info=&#8220;{}&#8220; custom_padding__hover=&#8220;|||&#8220;][et_pb_c2i_cv_form _builder_version=&#8220;3.14&#8243; global_colors_info=&#8220;{}&#8220;][\/et_pb_c2i_cv_form][\/et_pb_column][\/et_pb_row][et_pb_row _builder_version=&#8220;4.18.0&#8243; _module_preset=&#8220;default&#8220; global_colors_info=&#8220;{}&#8220;][et_pb_column type=&#8220;4_4&#8243; _builder_version=&#8220;4.18.0&#8243; _module_preset=&#8220;default&#8220; global_colors_info=&#8220;{}&#8220;][et_pb_c2i_posizioni _builder_version=&#8220;4.18.0&#8243; _module_preset=&#8220;default&#8220; global_colors_info=&#8220;{}&#8220;][\/et_pb_c2i_posizioni][\/et_pb_column][\/et_pb_row][\/et_pb_section]<\/p>\n","protected":false},"excerpt":{"rendered":"<p>[et_pb_c2i_breadcrumbs _builder_version=&#8220;3.29.3&#8243; global_colors_info=&#8220;{}&#8220;][\/et_pb_c2i_breadcrumbs]Arbeite mit uns So bewerben Sie sich Sie k\u00f6nnen sich initiativ bewerben, indem Sie unser Bewerbungsformular ausf\u00fcllen und Ihren Lebenslauf beif\u00fcgen. Alternativ k\u00f6nnen Sie sich auf eine unserer offenen Stellen, falls vorhanden, bewerben, indem Sie unser Bewerbungsformular ausf\u00fcllen und die gew\u00fcnschte Stelle im Feld &#8222;Bewerbung&#8220; ausw\u00e4hlen. Entspricht das Profil den offenen Stellen, werden [&hellip;]<\/p>\n","protected":false},"author":2,"featured_media":0,"parent":0,"menu_order":198,"comment_status":"closed","ping_status":"closed","template":"","meta":{"_et_pb_use_builder":"on","_et_pb_old_content":"","_et_gb_content_width":"","footnotes":""},"alberomarket":[],"class_list":["post-62736","page","type-page","status-publish","hentry"],"acf":[],"yoast_head":"<!-- This site is optimized with the Yoast SEO plugin v26.8 - https:\/\/yoast.com\/product\/yoast-seo-wordpress\/ -->\n<title>Arbeite mit uns | ISA<\/title>\n<meta name=\"description\" content=\"Von Vitrinen f\u00fcr Konditoreien \u00fcber Displays f\u00fcr frische oder gefrorene Produkte bis hin zu traditionellen Theken und Eiswagen: Entdecken Sie die L\u00f6sungen von ISA.\" \/>\n<meta name=\"robots\" content=\"index, follow, max-snippet:-1, max-image-preview:large, max-video-preview:-1\" \/>\n<link rel=\"canonical\" href=\"https:\/\/www.isaitaly.com\/de\/arbeite-mit-uns\/\" \/>\n<meta property=\"og:locale\" content=\"de_DE\" \/>\n<meta property=\"og:type\" content=\"article\" \/>\n<meta property=\"og:title\" content=\"Arbeite mit uns | ISA\" \/>\n<meta property=\"og:description\" content=\"Von Vitrinen f\u00fcr Konditoreien \u00fcber Displays f\u00fcr frische oder gefrorene Produkte bis hin zu traditionellen Theken und Eiswagen: Entdecken Sie die L\u00f6sungen von ISA.\" \/>\n<meta property=\"og:url\" content=\"https:\/\/www.isaitaly.com\/de\/arbeite-mit-uns\/\" \/>\n<meta property=\"og:site_name\" content=\"ISA\" \/>\n<meta property=\"article:modified_time\" content=\"2023-08-23T09:58:40+00:00\" \/>\n<meta name=\"twitter:card\" content=\"summary_large_image\" \/>\n<meta name=\"twitter:label1\" content=\"Gesch\u00e4tzte Lesezeit\" \/>\n\t<meta name=\"twitter:data1\" content=\"2\u00a0Minuten\" \/>\n<script type=\"application\/ld+json\" class=\"yoast-schema-graph\">{\"@context\":\"https:\/\/schema.org\",\"@graph\":[{\"@type\":\"WebPage\",\"@id\":\"https:\/\/www.isaitaly.com\/de\/arbeite-mit-uns\/\",\"url\":\"https:\/\/www.isaitaly.com\/de\/arbeite-mit-uns\/\",\"name\":\"Arbeite mit uns | ISA\",\"isPartOf\":{\"@id\":\"https:\/\/www.isaitaly.com\/it\/#website\"},\"datePublished\":\"2018-11-08T09:23:08+00:00\",\"dateModified\":\"2023-08-23T09:58:40+00:00\",\"description\":\"Von Vitrinen f\u00fcr Konditoreien \u00fcber Displays f\u00fcr frische oder gefrorene Produkte bis hin zu traditionellen Theken und Eiswagen: Entdecken Sie die L\u00f6sungen von ISA.\",\"breadcrumb\":{\"@id\":\"https:\/\/www.isaitaly.com\/de\/arbeite-mit-uns\/#breadcrumb\"},\"inLanguage\":\"de\",\"potentialAction\":[{\"@type\":\"ReadAction\",\"target\":[\"https:\/\/www.isaitaly.com\/de\/arbeite-mit-uns\/\"]}]},{\"@type\":\"BreadcrumbList\",\"@id\":\"https:\/\/www.isaitaly.com\/de\/arbeite-mit-uns\/#breadcrumb\",\"itemListElement\":[{\"@type\":\"ListItem\",\"position\":1,\"name\":\"Home\",\"item\":\"https:\/\/www.isaitaly.com\/it\/\"},{\"@type\":\"ListItem\",\"position\":2,\"name\":\"Arbeite mit uns\"}]},{\"@type\":\"WebSite\",\"@id\":\"https:\/\/www.isaitaly.com\/it\/#website\",\"url\":\"https:\/\/www.isaitaly.com\/it\/\",\"name\":\"ISA\",\"description\":\"\",\"potentialAction\":[{\"@type\":\"SearchAction\",\"target\":{\"@type\":\"EntryPoint\",\"urlTemplate\":\"https:\/\/www.isaitaly.com\/it\/?s={search_term_string}\"},\"query-input\":{\"@type\":\"PropertyValueSpecification\",\"valueRequired\":true,\"valueName\":\"search_term_string\"}}],\"inLanguage\":\"de\"}]}<\/script>\n<!-- \/ Yoast SEO plugin. -->","yoast_head_json":{"title":"Arbeite mit uns | ISA","description":"Von Vitrinen f\u00fcr Konditoreien \u00fcber Displays f\u00fcr frische oder gefrorene Produkte bis hin zu traditionellen Theken und Eiswagen: Entdecken Sie die L\u00f6sungen von ISA.","robots":{"index":"index","follow":"follow","max-snippet":"max-snippet:-1","max-image-preview":"max-image-preview:large","max-video-preview":"max-video-preview:-1"},"canonical":"https:\/\/www.isaitaly.com\/de\/arbeite-mit-uns\/","og_locale":"de_DE","og_type":"article","og_title":"Arbeite mit uns | ISA","og_description":"Von Vitrinen f\u00fcr Konditoreien \u00fcber Displays f\u00fcr frische oder gefrorene Produkte bis hin zu traditionellen Theken und Eiswagen: Entdecken Sie die L\u00f6sungen von ISA.","og_url":"https:\/\/www.isaitaly.com\/de\/arbeite-mit-uns\/","og_site_name":"ISA","article_modified_time":"2023-08-23T09:58:40+00:00","twitter_card":"summary_large_image","twitter_misc":{"Gesch\u00e4tzte Lesezeit":"2\u00a0Minuten"},"schema":{"@context":"https:\/\/schema.org","@graph":[{"@type":"WebPage","@id":"https:\/\/www.isaitaly.com\/de\/arbeite-mit-uns\/","url":"https:\/\/www.isaitaly.com\/de\/arbeite-mit-uns\/","name":"Arbeite mit uns | ISA","isPartOf":{"@id":"https:\/\/www.isaitaly.com\/it\/#website"},"datePublished":"2018-11-08T09:23:08+00:00","dateModified":"2023-08-23T09:58:40+00:00","description":"Von Vitrinen f\u00fcr Konditoreien \u00fcber Displays f\u00fcr frische oder gefrorene Produkte bis hin zu traditionellen Theken und Eiswagen: Entdecken Sie die L\u00f6sungen von ISA.","breadcrumb":{"@id":"https:\/\/www.isaitaly.com\/de\/arbeite-mit-uns\/#breadcrumb"},"inLanguage":"de","potentialAction":[{"@type":"ReadAction","target":["https:\/\/www.isaitaly.com\/de\/arbeite-mit-uns\/"]}]},{"@type":"BreadcrumbList","@id":"https:\/\/www.isaitaly.com\/de\/arbeite-mit-uns\/#breadcrumb","itemListElement":[{"@type":"ListItem","position":1,"name":"Home","item":"https:\/\/www.isaitaly.com\/it\/"},{"@type":"ListItem","position":2,"name":"Arbeite mit uns"}]},{"@type":"WebSite","@id":"https:\/\/www.isaitaly.com\/it\/#website","url":"https:\/\/www.isaitaly.com\/it\/","name":"ISA","description":"","potentialAction":[{"@type":"SearchAction","target":{"@type":"EntryPoint","urlTemplate":"https:\/\/www.isaitaly.com\/it\/?s={search_term_string}"},"query-input":{"@type":"PropertyValueSpecification","valueRequired":true,"valueName":"search_term_string"}}],"inLanguage":"de"}]}},"_links":{"self":[{"href":"https:\/\/www.isaitaly.com\/de\/wp-json\/wp\/v2\/pages\/62736","targetHints":{"allow":["GET"]}}],"collection":[{"href":"https:\/\/www.isaitaly.com\/de\/wp-json\/wp\/v2\/pages"}],"about":[{"href":"https:\/\/www.isaitaly.com\/de\/wp-json\/wp\/v2\/types\/page"}],"author":[{"embeddable":true,"href":"https:\/\/www.isaitaly.com\/de\/wp-json\/wp\/v2\/users\/2"}],"replies":[{"embeddable":true,"href":"https:\/\/www.isaitaly.com\/de\/wp-json\/wp\/v2\/comments?post=62736"}],"version-history":[{"count":9,"href":"https:\/\/www.isaitaly.com\/de\/wp-json\/wp\/v2\/pages\/62736\/revisions"}],"predecessor-version":[{"id":105219,"href":"https:\/\/www.isaitaly.com\/de\/wp-json\/wp\/v2\/pages\/62736\/revisions\/105219"}],"wp:attachment":[{"href":"https:\/\/www.isaitaly.com\/de\/wp-json\/wp\/v2\/media?parent=62736"}],"wp:term":[{"taxonomy":"alberomarket","embeddable":true,"href":"https:\/\/www.isaitaly.com\/de\/wp-json\/wp\/v2\/alberomarket?post=62736"}],"curies":[{"name":"wp","href":"https:\/\/api.w.org\/{rel}","templated":true}]}}