{"id":62660,"date":"2020-01-08T10:22:59","date_gmt":"2020-01-08T09:22:59","guid":{"rendered":"https:\/\/www.isaitaly.com\/arredamento-bar\/"},"modified":"2025-04-14T15:57:04","modified_gmt":"2025-04-14T13:57:04","slug":"sammlungen","status":"publish","type":"page","link":"https:\/\/www.isaitaly.com\/de\/sammlungen\/","title":{"rendered":"Sammlungen"},"content":{"rendered":"<p>[et_pb_section fb_built=&#8220;1&#8243; admin_label=&#8220;Sezione&#8220; module_id=&#8220;c2i-sub-menu-prodotti&#8220; _builder_version=&#8220;4.16&#8243; locked=&#8220;off&#8220; global_colors_info=&#8220;{}&#8220;][et_pb_row use_custom_gutter=&#8220;on&#8220; gutter_width=&#8220;1&#8243; make_equal=&#8220;on&#8220; custom_padding_last_edited=&#8220;on|&#8220; module_class=&#8220;template-tit-master et_pb_row_fullwidth&#8220; _builder_version=&#8220;4.16&#8243; width=&#8220;100%&#8220; width_tablet=&#8220;100%&#8220; width_phone=&#8220;&#8220; width_last_edited=&#8220;on|desktop&#8220; max_width=&#8220;100%&#8220; max_width_tablet=&#8220;100%&#8220; max_width_phone=&#8220;&#8220; max_width_last_edited=&#8220;on|desktop&#8220; custom_padding=&#8220;0px||0px|&#8220; custom_padding_tablet=&#8220;&#8220; custom_padding_phone=&#8220;&#8220; make_fullwidth=&#8220;on&#8220; custom_width_px=&#8220;980px&#8220; global_colors_info=&#8220;{}&#8220;][et_pb_column type=&#8220;4_4&#8243; _builder_version=&#8220;4.16&#8243; custom_padding=&#8220;|||&#8220; global_colors_info=&#8220;{}&#8220; custom_padding__hover=&#8220;|||&#8220;][et_pb_c2i_sub_menu _builder_version=&#8220;3.14&#8243; global_colors_info=&#8220;{}&#8220;][\/et_pb_c2i_sub_menu][\/et_pb_column][\/et_pb_row][\/et_pb_section][et_pb_section fb_built=&#8220;1&#8243; _builder_version=&#8220;4.16&#8243; locked=&#8220;off&#8220; global_colors_info=&#8220;{}&#8220;][et_pb_row use_custom_gutter=&#8220;on&#8220; gutter_width=&#8220;1&#8243; make_equal=&#8220;on&#8220; custom_padding_last_edited=&#8220;on|&#8220; module_class=&#8220; et_pb_row_fullwidth&#8220; _builder_version=&#8220;4.16&#8243; width=&#8220;100%&#8220; width_tablet=&#8220;100%&#8220; width_phone=&#8220;&#8220; width_last_edited=&#8220;on|desktop&#8220; max_width=&#8220;100%&#8220; max_width_tablet=&#8220;100%&#8220; max_width_phone=&#8220;&#8220; max_width_last_edited=&#8220;on|desktop&#8220; custom_padding=&#8220;0px||0px|&#8220; custom_padding_tablet=&#8220;&#8220; custom_padding_phone=&#8220;&#8220; make_fullwidth=&#8220;on&#8220; global_colors_info=&#8220;{}&#8220;][et_pb_column type=&#8220;4_4&#8243; _builder_version=&#8220;4.16&#8243; custom_padding=&#8220;|||&#8220; global_colors_info=&#8220;{}&#8220; custom_padding__hover=&#8220;|||&#8220;][et_pb_c2i_slider admin_label=&#8220;C2I Slider&#8220; _builder_version=&#8220;4.21.2&#8243; header_font=&#8220;Roboto||||||||&#8220; header_text_align=&#8220;center&#8220; button_alignment=&#8220;left&#8220; header_font_size_tablet=&#8220;51&#8243; header_line_height_tablet=&#8220;2&#8243; body_font_size_tablet=&#8220;51&#8243; body_line_height_tablet=&#8220;2&#8243; button_text_size_tablet=&#8220;&#8220; button_text_size_phone=&#8220;&#8220; button_text_size_last_edited=&#8220;on|&#8220; z_index_tablet=&#8220;500&#8243; global_colors_info=&#8220;{}&#8220;][et_pb_slide url_new_window=&#8220;on&#8220; use_bg_overlay=&#8220;off&#8220; use_text_overlay=&#8220;off&#8220; alignment=&#8220;bottom&#8220; admin_title=&#8220;Slide 1&#8243; button_text_last_edited=&#8220;off|desktop&#8220; _builder_version=&#8220;4.21.2&#8243; header_font=&#8220;|500|||||||&#8220; background_color=&#8220;#ffffff&#8220; background_image=&#8220;https:\/\/www.isaitaly.com\/wp-content\/uploads\/2025\/01\/POKER-Caffetteria-Cioccolateria-Vista-1-DEF_1.jpg&#8220; background_enable_image=&#8220;on&#8220; button_on_hover=&#8220;on&#8220; button_rel=&#8220;off|off|||&#8220; link_option_url_new_window=&#8220;on&#8220; hover_enabled=&#8220;0&#8243; header_letter_spacing_tablet=&#8220;10px&#8220; header_letter_spacing_phone=&#8220;10px&#8220; button_text_size_tablet=&#8220;16&#8243; button_text_size_phone=&#8220;16&#8243; global_colors_info=&#8220;{}&#8220; sticky_enabled=&#8220;0&#8243;][\/et_pb_slide][\/et_pb_c2i_slider][\/et_pb_column][\/et_pb_row][\/et_pb_section][et_pb_section fb_built=&#8220;1&#8243; _builder_version=&#8220;4.16&#8243; background_color=&#8220;#F6F6F6&#8243; custom_margin=&#8220;0px||0px||false|false&#8220; custom_padding=&#8220;0px||0px||false|false&#8220; locked=&#8220;off&#8220; global_colors_info=&#8220;{}&#8220;][et_pb_row _builder_version=&#8220;4.16&#8243; global_colors_info=&#8220;{}&#8220;][et_pb_column type=&#8220;4_4&#8243; _builder_version=&#8220;4.16&#8243; global_colors_info=&#8220;{}&#8220;][et_pb_c2i_titolo_pagina pretitle=&#8220;EINRICHTUNGSL\u00d6SUNGEN&#8220; title=&#8220;Sammlungen&#8220; admin_label=&#8220;C2I Titolo Pagina&#8220; _builder_version=&#8220;4.6.3&#8243; global_colors_info=&#8220;{}&#8220;][\/et_pb_c2i_titolo_pagina][\/et_pb_column][\/et_pb_row][\/et_pb_section][et_pb_section fb_built=&#8220;1&#8243; _builder_version=&#8220;4.16&#8243; background_color=&#8220;#F6F6F6&#8243; custom_margin=&#8220;0px||0px||false|false&#8220; custom_padding=&#8220;0px||0px||false|false&#8220; global_colors_info=&#8220;{}&#8220;][et_pb_row _builder_version=&#8220;4.16&#8243; custom_margin=&#8220;0px||||false|false&#8220; custom_padding=&#8220;0px||||false|false&#8220; global_colors_info=&#8220;{}&#8220;][et_pb_column type=&#8220;4_4&#8243; _builder_version=&#8220;4.16&#8243; global_colors_info=&#8220;{}&#8220;][et_pb_c2i_prodotti_slider _builder_version=&#8220;4.6.3&#8243; hover_enabled=&#8220;0&#8243; global_colors_info=&#8220;{}&#8220; sticky_enabled=&#8220;0&#8243;][\/et_pb_c2i_prodotti_slider][\/et_pb_column][\/et_pb_row][\/et_pb_section][et_pb_section fb_built=&#8220;1&#8243; _builder_version=&#8220;4.16&#8243; custom_margin=&#8220;0px||0px||false|false&#8220; custom_padding=&#8220;0px||0px||false|false&#8220; global_colors_info=&#8220;{}&#8220;][et_pb_row use_custom_gutter=&#8220;on&#8220; gutter_width=&#8220;1&#8243; _builder_version=&#8220;4.16&#8243; width=&#8220;100%&#8220; custom_margin=&#8220;0px||0px||false|false&#8220; custom_padding=&#8220;0px||0px||false|false&#8220; global_colors_info=&#8220;{}&#8220;][et_pb_column type=&#8220;4_4&#8243; _builder_version=&#8220;4.16&#8243; global_colors_info=&#8220;{}&#8220;][et_pb_c2i_banner_small_sx titlesection=&#8220;Das von ISA entworfene Minibar&#8220; title=&#8220;Genesis&#8220; link=&#8220;https:\/\/www.isaitaly.com\/de\/minibar-genesis\/&#8220; src=&#8220;https:\/\/www.isaitaly.com\/wp-content\/uploads\/2023\/10\/Arredamento_GENESISY.jpg&#8220; _builder_version=&#8220;4.21.2&#8243; global_colors_info=&#8220;{}&#8220;]<\/p>\n<p>Aus dem Treffen zwischen industrieller Kultur, inspiriert durch das beste italienische Design, und der umweltfreundlichen Technologie von ISA entsteht Genesis, das innovative Minibar mit der Pers\u00f6nlichkeit eines raffinierten Aufbewahrungsm\u00f6bels.<\/p>\n<p>Das Genesis Minibar ist eine minimalistische und moderne Aufbewahrungseinheit mit zwei oder drei aufeinander abgestimmten Schubladen, eine neutrale und eine gek\u00fchlte bei Genesis 120; eine neutrale und zwei gek\u00fchlte bei Genesis 180. Die Schubladen sind auf Schienen ausziehbar und mit einem Soft-Close-Mechanismus ausgestattet.<\/p>\n<p>[\/et_pb_c2i_banner_small_sx][\/et_pb_column][\/et_pb_row][\/et_pb_section][et_pb_section fb_built=&#8220;1&#8243; _builder_version=&#8220;4.16&#8243; custom_margin=&#8220;0px||0px||false|false&#8220; custom_padding=&#8220;0px||0px||false|false&#8220; global_colors_info=&#8220;{}&#8220;][et_pb_row use_custom_gutter=&#8220;on&#8220; gutter_width=&#8220;1&#8243; _builder_version=&#8220;4.16&#8243; width=&#8220;100%&#8220; custom_margin=&#8220;0px||0px||false|false&#8220; custom_padding=&#8220;0px||0px||false|false&#8220; global_colors_info=&#8220;{}&#8220;][et_pb_column type=&#8220;4_4&#8243; _builder_version=&#8220;4.16&#8243; global_colors_info=&#8220;{}&#8220;][et_pb_c2i_banner_small titlesection=&#8220;GESTALTEN SIE IHREN RAUM&#8220; title=&#8220;Ma\u00dfgeschneiderte M\u00f6bel&#8220; link=&#8220;\/de\/sammlungen\/referenzen\/&#8220; src=&#8220;https:\/\/www.isaitaly.com\/wp-content\/uploads\/2020\/01\/collezioni-progetta-il-tuo-spazio-1.jpg&#8220; _builder_version=&#8220;4.21.2&#8243; global_colors_info=&#8220;{}&#8220;]<\/p>\n<p>Die t\u00e4gliche Herausforderung f\u00fcr ISA besteht darin, f\u00fcr alle individuellen Layoutanforderungen die richtige L\u00f6sung zu finden. Wir bieten Ihnen das Beste in Sachen K\u00e4ltetechnik und Architektur.<\/p>\n<p>[\/et_pb_c2i_banner_small][\/et_pb_column][\/et_pb_row][\/et_pb_section][et_pb_section fb_built=&#8220;1&#8243; _builder_version=&#8220;4.16&#8243; custom_margin=&#8220;0px||0px||false|false&#8220; custom_padding=&#8220;0px||0px||false|false&#8220; global_colors_info=&#8220;{}&#8220;][et_pb_row use_custom_gutter=&#8220;on&#8220; gutter_width=&#8220;1&#8243; _builder_version=&#8220;4.16&#8243; width=&#8220;100%&#8220; custom_margin=&#8220;0px||0px||false|false&#8220; custom_padding=&#8220;0px||0px||false|false&#8220; global_colors_info=&#8220;{}&#8220;][et_pb_column type=&#8220;4_4&#8243; _builder_version=&#8220;4.16&#8243; global_colors_info=&#8220;{}&#8220;][et_pb_c2i_banner_small_sx titlesection=&#8220;GESTALTEN SIE IHREN RAUM&#8220; title=&#8220;Konzepte&#8220; src=&#8220;https:\/\/www.isaitaly.com\/wp-content\/uploads\/2020\/01\/collezioni-format-1.jpg&#8220; _builder_version=&#8220;4.6.3&#8243; global_colors_info=&#8220;{}&#8220;]Gro\u00df, aber flexibel. Eine wirklich ma\u00dfgeschneiderte L\u00f6sung ist eine L\u00f6sung, die die Bed\u00fcrfnisse des Kunden erf\u00fcllt, auch wenn sie noch so speziell sind. Wir arbeiten auf drei verschiedenen Dienstleistungsebenen:<\/p>\n<p>BASICS Lieferung von<br \/>\nHalbfertigprodukten und Technologie an andere Unternehmen, die die Arbeiten ausf\u00fchren.<\/p>\n<p>STANDARD Die Ausstattung des<br \/>\nProjekts beschr\u00e4nkt sich auf M\u00f6bel und technische Elemente.<\/p>\n<p>FULL SERVICE<br \/>\nComplete Lieferung von<br \/>\nallem, was in dem Projekt in Bezug auf M\u00f6bel-Elemente, technische Elemente, Zubeh\u00f6r, etc.[\/et_pb_c2i_banner_small_sx][\/et_pb_column][\/et_pb_row][\/et_pb_section][et_pb_section fb_built=&#8220;1&#8243; _builder_version=&#8220;4.16&#8243; custom_margin=&#8220;0px||0px||false|false&#8220; custom_padding=&#8220;0px||0px||false|false&#8220; global_colors_info=&#8220;{}&#8220;][et_pb_row use_custom_gutter=&#8220;on&#8220; gutter_width=&#8220;1&#8243; _builder_version=&#8220;4.16&#8243; width=&#8220;100%&#8220; custom_margin=&#8220;0px||0px||false|false&#8220; custom_padding=&#8220;0px||0px||false|false&#8220; global_colors_info=&#8220;{}&#8220;][et_pb_column type=&#8220;4_4&#8243; _builder_version=&#8220;4.16&#8243; global_colors_info=&#8220;{}&#8220;][et_pb_c2i_banner_small titlesection=&#8220;ABACO TECHNOLOGIE&#8220; title=&#8220;Technologische Einbaumodule&#8220; link=&#8220;https:\/\/www.isaitaly.com\/en\/semi-finished\/&#8220; src=&#8220;https:\/\/www.isaitaly.com\/wp-content\/uploads\/2020\/01\/collezioni-semilavorati-abaco-1.jpg&#8220; _builder_version=&#8220;4.18.0&#8243; global_colors_info=&#8220;{}&#8220;]<\/p>\n<p>ABACO ist ein komplettes Sortiment, mit dem Sie jede Layoutl\u00f6sung f\u00fcr Ihre Shopidee verwirklichen k\u00f6nnen. Egal ob Bar, Eisdiele, Konditorei, B\u00e4ckerei, Snackbar oder Selbstbedienungsrestaurant: Die verschiedenen Module lassen sich in jedes System implementieren.<br \/>Mit zeitlosem Design, hochwertigen Materialien, Energieeffizienz und Nachhaltigkeit durch die Verwendung nat\u00fcrlicher K\u00e4ltemittel wie R290 antwortet Abaco auf die globalen Herausforderungen unserer Zeit und garantiert Ihnen die Langlebigkeit Ihrer Investition.<\/p>\n<p>[\/et_pb_c2i_banner_small][\/et_pb_column][\/et_pb_row][\/et_pb_section][et_pb_section fb_built=&#8220;1&#8243; _builder_version=&#8220;4.16&#8243; custom_margin=&#8220;0px||0px||false|false&#8220; custom_padding=&#8220;0px||0px||false|false&#8220; global_colors_info=&#8220;{}&#8220;][et_pb_row use_custom_gutter=&#8220;on&#8220; gutter_width=&#8220;1&#8243; _builder_version=&#8220;4.16&#8243; width=&#8220;100%&#8220; custom_margin=&#8220;0px||0px||false|false&#8220; custom_padding=&#8220;0px||0px||false|false&#8220; global_colors_info=&#8220;{}&#8220;][et_pb_column type=&#8220;4_4&#8243; _builder_version=&#8220;4.16&#8243; global_colors_info=&#8220;{}&#8220;][et_pb_c2i_banner_small titlesection=&#8220;SUPPORTO&#8220; title=&#8220;ISA Configurator&#8220; link=&#8220;https:\/\/www.isaitaly.com\/it\/realizzazioni\/&#8220; src=&#8220;https:\/\/www.isaitaly.com\/wp-content\/uploads\/2020\/06\/configuratore-isa.jpg&#8220; disabled_on=&#8220;on|on|on&#8220; _builder_version=&#8220;3.29.3&#8243; disabled=&#8220;on&#8220; global_colors_info=&#8220;{}&#8220;]<\/p>\n<p>Gestione layout 3D.<br \/>Prezzi sempre aggiornati.<br \/>Preventivi semplici e immediati.<br \/>Ordini in tempo reale.<\/p>\n<p>[\/et_pb_c2i_banner_small][et_pb_c2i_banner_small_sx titlesection=&#8220;UNTERST\u00dcTZUNG&#8220; title=&#8220;ISA Configurator&#8220; src=&#8220;https:\/\/www.isaitaly.com\/wp-content\/uploads\/2020\/06\/configuratore-isa.jpg&#8220; _builder_version=&#8220;4.6.3&#8243; global_colors_info=&#8220;{}&#8220;]<\/p>\n<ul>\n<li>3D-Layout-Verwaltung<\/li>\n<li>Immer aktuelle Preise<\/li>\n<li>Einfache und sofortige Kostenvoranschl\u00e4ge<\/li>\n<li>Auftr\u00e4ge in Echtzeit<\/li>\n<\/ul>\n<p>[\/et_pb_c2i_banner_small_sx][\/et_pb_column][\/et_pb_row][\/et_pb_section][et_pb_section fb_built=&#8220;1&#8243; _builder_version=&#8220;4.16&#8243; background_color=&#8220;#F6F6F6&#8243; custom_margin=&#8220;0px||0px||false|false&#8220; custom_padding=&#8220;0px||0px||false|false&#8220; global_colors_info=&#8220;{}&#8220;][et_pb_row _builder_version=&#8220;4.16&#8243; global_colors_info=&#8220;{}&#8220;][et_pb_column type=&#8220;4_4&#8243; _builder_version=&#8220;4.16&#8243; global_colors_info=&#8220;{}&#8220;][et_pb_c2i_titolo_pagina title=&#8220;Referenzen&#8220; link=&#8220;\/de\/Referenzen\/&#8220; admin_label=&#8220;C2I Titolo Pagina&#8220; _builder_version=&#8220;4.6.3&#8243; global_colors_info=&#8220;{}&#8220;][\/et_pb_c2i_titolo_pagina][et_pb_c2i_arredamenti numeroitems=&#8220;3&#8243; admin_label=&#8220;C2I Arredamenti&#8220; _builder_version=&#8220;4.6.3&#8243; global_colors_info=&#8220;{}&#8220;][\/et_pb_c2i_arredamenti][et_pb_button button_url=&#8220;https:\/\/www.isaitaly.com\/wp-content\/uploads\/2020\/02\/ISA-Arredamento-Catalogo-PS.pdf&#8220; url_new_window=&#8220;on&#8220; button_text=&#8220;Weitere Informationen&#8220; button_alignment=&#8220;center&#8220; disabled_on=&#8220;on|on|on&#8220; admin_label=&#8220;Pulsante&#8220; _builder_version=&#8220;4.16&#8243; background_layout=&#8220;dark&#8220; custom_margin=&#8220;15px|30px|15px|30px|false|false&#8220; custom_padding=&#8220;15px|30px|15px|30px|false|false&#8220; disabled=&#8220;on&#8220; global_colors_info=&#8220;{}&#8220;][\/et_pb_button][\/et_pb_column][\/et_pb_row][\/et_pb_section]<\/p>\n","protected":false},"excerpt":{"rendered":"<p>[et_pb_c2i_sub_menu _builder_version=&#8220;3.14&#8243; global_colors_info=&#8220;{}&#8220;][\/et_pb_c2i_sub_menu][et_pb_c2i_slider admin_label=&#8220;C2I Slider&#8220; _builder_version=&#8220;4.21.2&#8243; header_font=&#8220;Roboto||||||||&#8220; header_text_align=&#8220;center&#8220; button_alignment=&#8220;left&#8220; header_font_size_tablet=&#8220;51&#8243; header_line_height_tablet=&#8220;2&#8243; body_font_size_tablet=&#8220;51&#8243; body_line_height_tablet=&#8220;2&#8243; button_text_size_tablet=&#8220;&#8220; button_text_size_phone=&#8220;&#8220; button_text_size_last_edited=&#8220;on|&#8220; z_index_tablet=&#8220;500&#8243; global_colors_info=&#8220;{}&#8220;][\/et_pb_c2i_slider][et_pb_c2i_titolo_pagina pretitle=&#8220;EINRICHTUNGSL\u00d6SUNGEN&#8220; title=&#8220;Sammlungen&#8220; admin_label=&#8220;C2I Titolo Pagina&#8220; _builder_version=&#8220;4.6.3&#8243; global_colors_info=&#8220;{}&#8220;][\/et_pb_c2i_titolo_pagina][et_pb_c2i_prodotti_slider _builder_version=&#8220;4.6.3&#8243; hover_enabled=&#8220;0&#8243; global_colors_info=&#8220;{}&#8220; sticky_enabled=&#8220;0&#8243;][\/et_pb_c2i_prodotti_slider][et_pb_c2i_banner_small_sx titlesection=&#8220;Das von ISA entworfene Minibar&#8220; title=&#8220;Genesis&#8220; link=&#8220;https:\/\/www.isaitaly.com\/de\/minibar-genesis\/&#8220; src=&#8220;https:\/\/www.isaitaly.com\/wp-content\/uploads\/2023\/10\/Arredamento_GENESISY.jpg&#8220; _builder_version=&#8220;4.21.2&#8243; global_colors_info=&#8220;{}&#8220;]Aus dem Treffen zwischen industrieller Kultur, inspiriert durch das beste italienische Design, und der umweltfreundlichen Technologie von [&hellip;]<\/p>\n","protected":false},"author":2,"featured_media":0,"parent":0,"menu_order":40,"comment_status":"closed","ping_status":"closed","template":"","meta":{"_et_pb_use_builder":"on","_et_pb_old_content":"","_et_gb_content_width":"","footnotes":""},"alberomarket":[],"class_list":["post-62660","page","type-page","status-publish","hentry"],"acf":[],"yoast_head":"<!-- This site is optimized with the Yoast SEO plugin v26.8 - https:\/\/yoast.com\/product\/yoast-seo-wordpress\/ -->\n<title>Ladenbau f\u00fcr Bars, Konditoreien, Eiscaf\u00e9s, Clubs | ISA<\/title>\n<meta name=\"description\" content=\"Entwurf und Einrichtung von Bars, Konditoreien, Eisdielen und modularen Einrichtungen nach Ma\u00df. Fragen Sie nach Ihrem ISA-Bar-Projekt.\" \/>\n<meta name=\"robots\" content=\"index, follow, max-snippet:-1, max-image-preview:large, max-video-preview:-1\" \/>\n<link rel=\"canonical\" href=\"https:\/\/www.isaitaly.com\/de\/sammlungen\/\" \/>\n<meta property=\"og:locale\" content=\"de_DE\" \/>\n<meta property=\"og:type\" content=\"article\" \/>\n<meta property=\"og:title\" content=\"Ladenbau f\u00fcr Bars, Konditoreien, Eiscaf\u00e9s, Clubs | ISA\" \/>\n<meta property=\"og:description\" content=\"Entwurf und Einrichtung von Bars, Konditoreien, Eisdielen und modularen Einrichtungen nach Ma\u00df. Fragen Sie nach Ihrem ISA-Bar-Projekt.\" \/>\n<meta property=\"og:url\" content=\"https:\/\/www.isaitaly.com\/de\/sammlungen\/\" \/>\n<meta property=\"og:site_name\" content=\"ISA\" \/>\n<meta property=\"article:modified_time\" content=\"2025-04-14T13:57:04+00:00\" \/>\n<meta name=\"twitter:card\" content=\"summary_large_image\" \/>\n<meta name=\"twitter:label1\" content=\"Gesch\u00e4tzte Lesezeit\" \/>\n\t<meta name=\"twitter:data1\" content=\"6\u00a0Minuten\" \/>\n<script type=\"application\/ld+json\" class=\"yoast-schema-graph\">{\"@context\":\"https:\/\/schema.org\",\"@graph\":[{\"@type\":\"WebPage\",\"@id\":\"https:\/\/www.isaitaly.com\/de\/sammlungen\/\",\"url\":\"https:\/\/www.isaitaly.com\/de\/sammlungen\/\",\"name\":\"Ladenbau f\u00fcr Bars, Konditoreien, Eiscaf\u00e9s, Clubs | ISA\",\"isPartOf\":{\"@id\":\"https:\/\/www.isaitaly.com\/it\/#website\"},\"datePublished\":\"2020-01-08T09:22:59+00:00\",\"dateModified\":\"2025-04-14T13:57:04+00:00\",\"description\":\"Entwurf und Einrichtung von Bars, Konditoreien, Eisdielen und modularen Einrichtungen nach Ma\u00df. Fragen Sie nach Ihrem ISA-Bar-Projekt.\",\"breadcrumb\":{\"@id\":\"https:\/\/www.isaitaly.com\/de\/sammlungen\/#breadcrumb\"},\"inLanguage\":\"de\",\"potentialAction\":[{\"@type\":\"ReadAction\",\"target\":[\"https:\/\/www.isaitaly.com\/de\/sammlungen\/\"]}]},{\"@type\":\"BreadcrumbList\",\"@id\":\"https:\/\/www.isaitaly.com\/de\/sammlungen\/#breadcrumb\",\"itemListElement\":[{\"@type\":\"ListItem\",\"position\":1,\"name\":\"Home\",\"item\":\"https:\/\/www.isaitaly.com\/it\/\"},{\"@type\":\"ListItem\",\"position\":2,\"name\":\"Sammlungen\"}]},{\"@type\":\"WebSite\",\"@id\":\"https:\/\/www.isaitaly.com\/it\/#website\",\"url\":\"https:\/\/www.isaitaly.com\/it\/\",\"name\":\"ISA\",\"description\":\"\",\"potentialAction\":[{\"@type\":\"SearchAction\",\"target\":{\"@type\":\"EntryPoint\",\"urlTemplate\":\"https:\/\/www.isaitaly.com\/it\/?s={search_term_string}\"},\"query-input\":{\"@type\":\"PropertyValueSpecification\",\"valueRequired\":true,\"valueName\":\"search_term_string\"}}],\"inLanguage\":\"de\"}]}<\/script>\n<!-- \/ Yoast SEO plugin. -->","yoast_head_json":{"title":"Ladenbau f\u00fcr Bars, Konditoreien, Eiscaf\u00e9s, Clubs | ISA","description":"Entwurf und Einrichtung von Bars, Konditoreien, Eisdielen und modularen Einrichtungen nach Ma\u00df. Fragen Sie nach Ihrem ISA-Bar-Projekt.","robots":{"index":"index","follow":"follow","max-snippet":"max-snippet:-1","max-image-preview":"max-image-preview:large","max-video-preview":"max-video-preview:-1"},"canonical":"https:\/\/www.isaitaly.com\/de\/sammlungen\/","og_locale":"de_DE","og_type":"article","og_title":"Ladenbau f\u00fcr Bars, Konditoreien, Eiscaf\u00e9s, Clubs | ISA","og_description":"Entwurf und Einrichtung von Bars, Konditoreien, Eisdielen und modularen Einrichtungen nach Ma\u00df. Fragen Sie nach Ihrem ISA-Bar-Projekt.","og_url":"https:\/\/www.isaitaly.com\/de\/sammlungen\/","og_site_name":"ISA","article_modified_time":"2025-04-14T13:57:04+00:00","twitter_card":"summary_large_image","twitter_misc":{"Gesch\u00e4tzte Lesezeit":"6\u00a0Minuten"},"schema":{"@context":"https:\/\/schema.org","@graph":[{"@type":"WebPage","@id":"https:\/\/www.isaitaly.com\/de\/sammlungen\/","url":"https:\/\/www.isaitaly.com\/de\/sammlungen\/","name":"Ladenbau f\u00fcr Bars, Konditoreien, Eiscaf\u00e9s, Clubs | ISA","isPartOf":{"@id":"https:\/\/www.isaitaly.com\/it\/#website"},"datePublished":"2020-01-08T09:22:59+00:00","dateModified":"2025-04-14T13:57:04+00:00","description":"Entwurf und Einrichtung von Bars, Konditoreien, Eisdielen und modularen Einrichtungen nach Ma\u00df. Fragen Sie nach Ihrem ISA-Bar-Projekt.","breadcrumb":{"@id":"https:\/\/www.isaitaly.com\/de\/sammlungen\/#breadcrumb"},"inLanguage":"de","potentialAction":[{"@type":"ReadAction","target":["https:\/\/www.isaitaly.com\/de\/sammlungen\/"]}]},{"@type":"BreadcrumbList","@id":"https:\/\/www.isaitaly.com\/de\/sammlungen\/#breadcrumb","itemListElement":[{"@type":"ListItem","position":1,"name":"Home","item":"https:\/\/www.isaitaly.com\/it\/"},{"@type":"ListItem","position":2,"name":"Sammlungen"}]},{"@type":"WebSite","@id":"https:\/\/www.isaitaly.com\/it\/#website","url":"https:\/\/www.isaitaly.com\/it\/","name":"ISA","description":"","potentialAction":[{"@type":"SearchAction","target":{"@type":"EntryPoint","urlTemplate":"https:\/\/www.isaitaly.com\/it\/?s={search_term_string}"},"query-input":{"@type":"PropertyValueSpecification","valueRequired":true,"valueName":"search_term_string"}}],"inLanguage":"de"}]}},"_links":{"self":[{"href":"https:\/\/www.isaitaly.com\/de\/wp-json\/wp\/v2\/pages\/62660","targetHints":{"allow":["GET"]}}],"collection":[{"href":"https:\/\/www.isaitaly.com\/de\/wp-json\/wp\/v2\/pages"}],"about":[{"href":"https:\/\/www.isaitaly.com\/de\/wp-json\/wp\/v2\/types\/page"}],"author":[{"embeddable":true,"href":"https:\/\/www.isaitaly.com\/de\/wp-json\/wp\/v2\/users\/2"}],"replies":[{"embeddable":true,"href":"https:\/\/www.isaitaly.com\/de\/wp-json\/wp\/v2\/comments?post=62660"}],"version-history":[{"count":17,"href":"https:\/\/www.isaitaly.com\/de\/wp-json\/wp\/v2\/pages\/62660\/revisions"}],"predecessor-version":[{"id":125219,"href":"https:\/\/www.isaitaly.com\/de\/wp-json\/wp\/v2\/pages\/62660\/revisions\/125219"}],"wp:attachment":[{"href":"https:\/\/www.isaitaly.com\/de\/wp-json\/wp\/v2\/media?parent=62660"}],"wp:term":[{"taxonomy":"alberomarket","embeddable":true,"href":"https:\/\/www.isaitaly.com\/de\/wp-json\/wp\/v2\/alberomarket?post=62660"}],"curies":[{"name":"wp","href":"https:\/\/api.w.org\/{rel}","templated":true}]}}